{"id":9110,"date":"2025-06-01T11:36:04","date_gmt":"2025-06-01T15:36:04","guid":{"rendered":"https:\/\/maisonhavilah.ca\/?post_type=product&#038;p=9110"},"modified":"2025-12-21T11:55:00","modified_gmt":"2025-12-21T16:55:00","slug":"black-2-piece-set-with-floral-embroidery-and-zipper-closure","status":"publish","type":"product","link":"https:\/\/maisonhavilah.ca\/fr\/produit\/black-2-piece-set-with-floral-embroidery-and-zipper-closure\/","title":{"rendered":"Ensemble 2 pi\u00e8ces noir \u00e0 broderie florale et fermeture zipp\u00e9e"},"content":{"rendered":"<p>Sculpt\u00e9 dans la discr\u00e9tion, cet ensemble noir 2 pi\u00e8ces incarne l\u2019\u00e9l\u00e9gance intemporelle avec une touche contemporaine. Le haut \u00e0 manches longues pr\u00e9sente un plastron arrondi orn\u00e9 d'une broderie florale fine en ton sur ton, encadr\u00e9e d\u2019une fermeture zipp\u00e9e centrale pour une finition moderne et audacieuse.\nLes poignets et le bas du plastron sont ponctu\u00e9s de boutons argent\u00e9s grav\u00e9s, renfor\u00e7ant la sophistication de l\u2019ensemble. La plaque m\u00e9tallique Havilah ajoute une touche pr\u00e9cieuse et discr\u00e8te. Le pantalon assorti, taill\u00e9 dans le m\u00eame tissu textur\u00e9, compl\u00e8te parfaitement la tenue avec fluidit\u00e9 et prestance.\nUn mod\u00e8le con\u00e7u pour les occasions o\u00f9 l\u2019\u00e9l\u00e9gance exige la retenue, mais jamais l\u2019effacement.<\/p>","protected":false},"excerpt":{"rendered":"<p><strong>Ensemble 2 pi\u00e8ces noir<\/strong> broderie florale ton sur ton et fermeture zipp\u00e9e. Harmonie parfaite entre tradition et modernit\u00e9.\n\ud83d\udccc Vendu uniquement en ensemble haut + pantalon.<\/p>","protected":false},"featured_media":9014,"comment_status":"open","ping_status":"closed","template":"","meta":{"site-sidebar-layout":"default","site-content-layout":"","ast-site-content-layout":"default","site-content-style":"default","site-sidebar-style":"default","ast-global-header-display":"","ast-banner-title-visibility":"","ast-main-header-display":"","ast-hfb-above-header-display":"","ast-hfb-below-header-display":"","ast-hfb-mobile-header-display":"","site-post-title":"","ast-breadcrumbs-content":"","ast-featured-img":"","footer-sml-layout":"","ast-disable-related-posts":"","theme-transparent-header-meta":"default","adv-header-id-meta":"","stick-header-meta":"","header-above-stick-meta":"","header-main-stick-meta":"","header-below-stick-meta":"","astra-migrate-meta-layouts":"set","ast-page-background-enabled":"default","ast-page-background-meta":{"desktop":{"background-color":"var(--ast-global-color-4)","background-image":"","background-repeat":"repeat","background-position":"center center","background-size":"auto","background-attachment":"scroll","background-type":"","background-media":"","overlay-type":"","overlay-color":"","overlay-opacity":"","overlay-gradient":""},"tablet":{"background-color":"","background-image":"","background-repeat":"repeat","background-position":"center center","background-size":"auto","background-attachment":"scroll","background-type":"","background-media":"","overlay-type":"","overlay-color":"","overlay-opacity":"","overlay-gradient":""},"mobile":{"background-color":"","background-image":"","background-repeat":"repeat","background-position":"center center","background-size":"auto","background-attachment":"scroll","background-type":"","background-media":"","overlay-type":"","overlay-color":"","overlay-opacity":"","overlay-gradient":""}},"ast-content-background-meta":{"desktop":{"background-color":"var(--ast-global-color-5)","background-image":"","background-repeat":"repeat","background-position":"center center","background-size":"auto","background-attachment":"scroll","background-type":"","background-media":"","overlay-type":"","overlay-color":"","overlay-opacity":"","overlay-gradient":""},"tablet":{"background-color":"var(--ast-global-color-5)","background-image":"","background-repeat":"repeat","background-position":"center center","background-size":"auto","background-attachment":"scroll","background-type":"","background-media":"","overlay-type":"","overlay-color":"","overlay-opacity":"","overlay-gradient":""},"mobile":{"background-color":"var(--ast-global-color-5)","background-image":"","background-repeat":"repeat","background-position":"center center","background-size":"auto","background-attachment":"scroll","background-type":"","background-media":"","overlay-type":"","overlay-color":"","overlay-opacity":"","overlay-gradient":""}}},"product_brand":[],"product_cat":[184,181],"product_tag":[185,175,178],"class_list":{"0":"post-9110","1":"product","2":"type-product","3":"status-publish","4":"has-post-thumbnail","6":"product_cat-2-pieces","7":"product_cat-long-sleeved-kaftan","8":"product_tag-2-pieces","9":"product_tag-black","10":"product_tag-long-sleeved","11":"pa_color-dark-grey-blue-6","12":"pa_set-type-2-pieces","13":"pa_size-l","14":"pa_size-m","15":"pa_size-s","16":"pa_size-xl","17":"pa_size-xxl","18":"desktop-align-center","19":"tablet-align-center","20":"mobile-align-center","22":"first","23":"instock","24":"taxable","25":"shipping-taxable","26":"purchasable","27":"product-type-variable","28":"rtwpvs-product"},"_links":{"self":[{"href":"https:\/\/maisonhavilah.ca\/fr\/wp-json\/wp\/v2\/product\/9110","targetHints":{"allow":["GET"]}}],"collection":[{"href":"https:\/\/maisonhavilah.ca\/fr\/wp-json\/wp\/v2\/product"}],"about":[{"href":"https:\/\/maisonhavilah.ca\/fr\/wp-json\/wp\/v2\/types\/product"}],"replies":[{"embeddable":true,"href":"https:\/\/maisonhavilah.ca\/fr\/wp-json\/wp\/v2\/comments?post=9110"}],"wp:featuredmedia":[{"embeddable":true,"href":"https:\/\/maisonhavilah.ca\/fr\/wp-json\/wp\/v2\/media\/9014"}],"wp:attachment":[{"href":"https:\/\/maisonhavilah.ca\/fr\/wp-json\/wp\/v2\/media?parent=9110"}],"wp:term":[{"taxonomy":"product_brand","embeddable":true,"href":"https:\/\/maisonhavilah.ca\/fr\/wp-json\/wp\/v2\/product_brand?post=9110"},{"taxonomy":"product_cat","embeddable":true,"href":"https:\/\/maisonhavilah.ca\/fr\/wp-json\/wp\/v2\/product_cat?post=9110"},{"taxonomy":"product_tag","embeddable":true,"href":"https:\/\/maisonhavilah.ca\/fr\/wp-json\/wp\/v2\/product_tag?post=9110"}],"curies":[{"name":"wp","href":"https:\/\/api.w.org\/{rel}","templated":true}]}}