{"id":9109,"date":"2025-06-01T11:30:43","date_gmt":"2025-06-01T15:30:43","guid":{"rendered":"https:\/\/maisonhavilah.ca\/?post_type=product&#038;p=9109"},"modified":"2025-12-21T11:53:19","modified_gmt":"2025-12-21T16:53:19","slug":"terracotta-chevron-pattern-kaftan","status":"publish","type":"product","link":"https:\/\/maisonhavilah.ca\/fr\/produit\/terracotta-chevron-pattern-kaftan\/","title":{"rendered":"Kaftan en motif chevron terre cuite"},"content":{"rendered":"<p>Une pi\u00e8ce au caract\u00e8re affirm\u00e9 et au design riche en texture. Ce kaftan \u00e0 manches courtes se distingue par son tissu \u00e0 motif chevron dans des tons terre cuite profonds, qui captent la lumi\u00e8re et r\u00e9v\u00e8lent toute la finesse du tissage.\nLa coupe droite et minimaliste laisse place \u00e0 l'expressivit\u00e9 du motif, tandis que la poche poitrine discr\u00e8te, sign\u00e9e par une plaque dor\u00e9e Maison Havilah, compl\u00e8te ce mod\u00e8le avec \u00e9quilibre. Sans fioriture inutile, ce v\u00eatement impose sa pr\u00e9sence par la ma\u00eetrise des d\u00e9tails et la qualit\u00e9 du textile.\nC\u2019est le choix id\u00e9al pour l\u2019homme confiant, qui pr\u00e9f\u00e8re les pi\u00e8ces qui parlent d\u2019elles-m\u00eames.<\/p>\n<p>Le mannequin sur la photo porte du L<\/p>","protected":false},"excerpt":{"rendered":"<p>Kaftan manches courtes en <strong>motif chevron terre cuite,<\/strong> coupe droite, finition sobre et textur\u00e9e.<\/p>","protected":false},"featured_media":9335,"comment_status":"open","ping_status":"closed","template":"","meta":{"site-sidebar-layout":"default","site-content-layout":"","ast-site-content-layout":"default","site-content-style":"default","site-sidebar-style":"default","ast-global-header-display":"","ast-banner-title-visibility":"","ast-main-header-display":"","ast-hfb-above-header-display":"","ast-hfb-below-header-display":"","ast-hfb-mobile-header-display":"","site-post-title":"","ast-breadcrumbs-content":"","ast-featured-img":"","footer-sml-layout":"","ast-disable-related-posts":"","theme-transparent-header-meta":"default","adv-header-id-meta":"","stick-header-meta":"","header-above-stick-meta":"","header-main-stick-meta":"","header-below-stick-meta":"","astra-migrate-meta-layouts":"set","ast-page-background-enabled":"default","ast-page-background-meta":{"desktop":{"background-color":"var(--ast-global-color-4)","background-image":"","background-repeat":"repeat","background-position":"center center","background-size":"auto","background-attachment":"scroll","background-type":"","background-media":"","overlay-type":"","overlay-color":"","overlay-opacity":"","overlay-gradient":""},"tablet":{"background-color":"","background-image":"","background-repeat":"repeat","background-position":"center center","background-size":"auto","background-attachment":"scroll","background-type":"","background-media":"","overlay-type":"","overlay-color":"","overlay-opacity":"","overlay-gradient":""},"mobile":{"background-color":"","background-image":"","background-repeat":"repeat","background-position":"center center","background-size":"auto","background-attachment":"scroll","background-type":"","background-media":"","overlay-type":"","overlay-color":"","overlay-opacity":"","overlay-gradient":""}},"ast-content-background-meta":{"desktop":{"background-color":"var(--ast-global-color-5)","background-image":"","background-repeat":"repeat","background-position":"center center","background-size":"auto","background-attachment":"scroll","background-type":"","background-media":"","overlay-type":"","overlay-color":"","overlay-opacity":"","overlay-gradient":""},"tablet":{"background-color":"var(--ast-global-color-5)","background-image":"","background-repeat":"repeat","background-position":"center center","background-size":"auto","background-attachment":"scroll","background-type":"","background-media":"","overlay-type":"","overlay-color":"","overlay-opacity":"","overlay-gradient":""},"mobile":{"background-color":"var(--ast-global-color-5)","background-image":"","background-repeat":"repeat","background-position":"center center","background-size":"auto","background-attachment":"scroll","background-type":"","background-media":"","overlay-type":"","overlay-color":"","overlay-opacity":"","overlay-gradient":""}}},"product_brand":[],"product_cat":[182],"product_tag":[169,172,183],"class_list":{"0":"post-9109","1":"product","2":"type-product","3":"status-publish","4":"has-post-thumbnail","6":"product_cat-short-sleved-kaftan","7":"product_tag-brown","8":"product_tag-orange","9":"product_tag-short-sleeved","10":"pa_color-dark-red-color","11":"pa_size-l","12":"pa_size-m","13":"pa_size-s","14":"pa_size-xl","15":"pa_size-xxl","16":"desktop-align-center","17":"tablet-align-center","18":"mobile-align-center","20":"first","21":"instock","22":"taxable","23":"shipping-taxable","24":"purchasable","25":"product-type-variable","26":"rtwpvs-product"},"_links":{"self":[{"href":"https:\/\/maisonhavilah.ca\/fr\/wp-json\/wp\/v2\/product\/9109","targetHints":{"allow":["GET"]}}],"collection":[{"href":"https:\/\/maisonhavilah.ca\/fr\/wp-json\/wp\/v2\/product"}],"about":[{"href":"https:\/\/maisonhavilah.ca\/fr\/wp-json\/wp\/v2\/types\/product"}],"replies":[{"embeddable":true,"href":"https:\/\/maisonhavilah.ca\/fr\/wp-json\/wp\/v2\/comments?post=9109"}],"wp:featuredmedia":[{"embeddable":true,"href":"https:\/\/maisonhavilah.ca\/fr\/wp-json\/wp\/v2\/media\/9335"}],"wp:attachment":[{"href":"https:\/\/maisonhavilah.ca\/fr\/wp-json\/wp\/v2\/media?parent=9109"}],"wp:term":[{"taxonomy":"product_brand","embeddable":true,"href":"https:\/\/maisonhavilah.ca\/fr\/wp-json\/wp\/v2\/product_brand?post=9109"},{"taxonomy":"product_cat","embeddable":true,"href":"https:\/\/maisonhavilah.ca\/fr\/wp-json\/wp\/v2\/product_cat?post=9109"},{"taxonomy":"product_tag","embeddable":true,"href":"https:\/\/maisonhavilah.ca\/fr\/wp-json\/wp\/v2\/product_tag?post=9109"}],"curies":[{"name":"wp","href":"https:\/\/api.w.org\/{rel}","templated":true}]}}