{"id":9107,"date":"2025-06-01T11:18:32","date_gmt":"2025-06-01T15:18:32","guid":{"rendered":"https:\/\/maisonhavilah.ca\/?post_type=product&#038;p=9107"},"modified":"2025-12-21T11:47:38","modified_gmt":"2025-12-21T16:47:38","slug":"sky-blue-kaftan-with-textured-dark-blue-contrast-details","status":"publish","type":"product","link":"https:\/\/maisonhavilah.ca\/fr\/produit\/sky-blue-kaftan-with-textured-dark-blue-contrast-details\/","title":{"rendered":"Kaftan bleu ciel \u00e0 d\u00e9tails contrast\u00e9s bleu fonc\u00e9 textur\u00e9"},"content":{"rendered":"<p>Ce mod\u00e8le pr\u00e9sente une couleur bleu ciel rafra\u00eechissante orn\u00e9e de touches verticales en tissu bleu fonc\u00e9 effet marbr\u00e9, positionn\u00e9es avec sym\u00e9trie sur la patte centrale et la poche. Le col rond et les finitions aux poignets gardent une allure \u00e9pur\u00e9e et \u00e9l\u00e9gante.\nC\u2019est un kaftan moderne et lumineux, parfait pour ceux qui aiment le style sobre avec une pointe d\u2019originalit\u00e9 graphique.<\/p>","protected":false},"excerpt":{"rendered":"<p><strong>Kaftan bleu ciel<\/strong> \u00e0 empi\u00e8cements bleu fonc\u00e9 textur\u00e9. Frais, moderne, affirm\u00e9.<\/p>","protected":false},"featured_media":8994,"comment_status":"open","ping_status":"closed","template":"","meta":{"site-sidebar-layout":"default","site-content-layout":"","ast-site-content-layout":"default","site-content-style":"default","site-sidebar-style":"default","ast-global-header-display":"","ast-banner-title-visibility":"","ast-main-header-display":"","ast-hfb-above-header-display":"","ast-hfb-below-header-display":"","ast-hfb-mobile-header-display":"","site-post-title":"","ast-breadcrumbs-content":"","ast-featured-img":"","footer-sml-layout":"","ast-disable-related-posts":"","theme-transparent-header-meta":"default","adv-header-id-meta":"","stick-header-meta":"","header-above-stick-meta":"","header-main-stick-meta":"","header-below-stick-meta":"","astra-migrate-meta-layouts":"set","ast-page-background-enabled":"default","ast-page-background-meta":{"desktop":{"background-color":"var(--ast-global-color-4)","background-image":"","background-repeat":"repeat","background-position":"center center","background-size":"auto","background-attachment":"scroll","background-type":"","background-media":"","overlay-type":"","overlay-color":"","overlay-opacity":"","overlay-gradient":""},"tablet":{"background-color":"","background-image":"","background-repeat":"repeat","background-position":"center center","background-size":"auto","background-attachment":"scroll","background-type":"","background-media":"","overlay-type":"","overlay-color":"","overlay-opacity":"","overlay-gradient":""},"mobile":{"background-color":"","background-image":"","background-repeat":"repeat","background-position":"center center","background-size":"auto","background-attachment":"scroll","background-type":"","background-media":"","overlay-type":"","overlay-color":"","overlay-opacity":"","overlay-gradient":""}},"ast-content-background-meta":{"desktop":{"background-color":"var(--ast-global-color-5)","background-image":"","background-repeat":"repeat","background-position":"center center","background-size":"auto","background-attachment":"scroll","background-type":"","background-media":"","overlay-type":"","overlay-color":"","overlay-opacity":"","overlay-gradient":""},"tablet":{"background-color":"var(--ast-global-color-5)","background-image":"","background-repeat":"repeat","background-position":"center center","background-size":"auto","background-attachment":"scroll","background-type":"","background-media":"","overlay-type":"","overlay-color":"","overlay-opacity":"","overlay-gradient":""},"mobile":{"background-color":"var(--ast-global-color-5)","background-image":"","background-repeat":"repeat","background-position":"center center","background-size":"auto","background-attachment":"scroll","background-type":"","background-media":"","overlay-type":"","overlay-color":"","overlay-opacity":"","overlay-gradient":""}}},"product_brand":[],"product_cat":[181],"product_tag":[168,178],"class_list":{"0":"post-9107","1":"product","2":"type-product","3":"status-publish","4":"has-post-thumbnail","6":"product_cat-long-sleeved-kaftan","7":"product_tag-blue","8":"product_tag-long-sleeved","9":"pa_color-light-azure","10":"pa_size-l","11":"pa_size-m","12":"pa_size-s","13":"pa_size-xl","14":"pa_size-xxl","15":"desktop-align-center","16":"tablet-align-center","17":"mobile-align-center","19":"first","20":"instock","21":"taxable","22":"shipping-taxable","23":"purchasable","24":"product-type-variable","25":"rtwpvs-product"},"_links":{"self":[{"href":"https:\/\/maisonhavilah.ca\/fr\/wp-json\/wp\/v2\/product\/9107","targetHints":{"allow":["GET"]}}],"collection":[{"href":"https:\/\/maisonhavilah.ca\/fr\/wp-json\/wp\/v2\/product"}],"about":[{"href":"https:\/\/maisonhavilah.ca\/fr\/wp-json\/wp\/v2\/types\/product"}],"replies":[{"embeddable":true,"href":"https:\/\/maisonhavilah.ca\/fr\/wp-json\/wp\/v2\/comments?post=9107"}],"wp:featuredmedia":[{"embeddable":true,"href":"https:\/\/maisonhavilah.ca\/fr\/wp-json\/wp\/v2\/media\/8994"}],"wp:attachment":[{"href":"https:\/\/maisonhavilah.ca\/fr\/wp-json\/wp\/v2\/media?parent=9107"}],"wp:term":[{"taxonomy":"product_brand","embeddable":true,"href":"https:\/\/maisonhavilah.ca\/fr\/wp-json\/wp\/v2\/product_brand?post=9107"},{"taxonomy":"product_cat","embeddable":true,"href":"https:\/\/maisonhavilah.ca\/fr\/wp-json\/wp\/v2\/product_cat?post=9107"},{"taxonomy":"product_tag","embeddable":true,"href":"https:\/\/maisonhavilah.ca\/fr\/wp-json\/wp\/v2\/product_tag?post=9107"}],"curies":[{"name":"wp","href":"https:\/\/api.w.org\/{rel}","templated":true}]}}