{"id":8928,"date":"2025-05-31T14:03:49","date_gmt":"2025-05-31T18:03:49","guid":{"rendered":"https:\/\/maisonhavilah.ca\/?post_type=product&#038;p=8928"},"modified":"2025-12-21T11:25:09","modified_gmt":"2025-12-21T16:25:09","slug":"no-name","status":"publish","type":"product","link":"https:\/\/maisonhavilah.ca\/fr\/produit\/no-name\/","title":{"rendered":"Kaftan \u00e0 carreaux noir et blanc"},"content":{"rendered":"<p data-start=\"549\" data-end=\"785\">Ce kaftan \u00e0 manches longues r\u00e9invente le motif intemporel Prince-de-Galles dans une palette raffin\u00e9e de noir et blanc, symbole d\u2019une sophistication discr\u00e8te. Con\u00e7u pour les hommes modernes en qu\u00eate de distinction, il se distingue par sa coupe droite structur\u00e9e, son col officier \u00e9pur\u00e9 et sa poche poitrine discr\u00e8te orn\u00e9e d\u2019une plaque m\u00e9tallique Havilah haut de gamme \u2014 une v\u00e9ritable signature d\u2019excellence.<\/p>\n<p data-start=\"1020\" data-end=\"1197\">Confectionn\u00e9 dans un tissu \u00e0 la fois ferme et confortable, il offre une tenue parfaite et une \u00e9l\u00e9gante fluidit\u00e9 \u2014 id\u00e9al pour les occasions sp\u00e9ciales ou pour sublimer votre garde-robe quotidienne avec une simplicit\u00e9 raffin\u00e9e.<\/p>","protected":false},"excerpt":{"rendered":"<p>Un kaftan moderne \u00e0 motif Prince-de-Galles, con\u00e7u pour l\u2019homme \u00e9l\u00e9gant et s\u00fbr de lui.<\/p>","protected":false},"featured_media":8929,"comment_status":"open","ping_status":"closed","template":"","meta":{"site-sidebar-layout":"default","site-content-layout":"","ast-site-content-layout":"default","site-content-style":"default","site-sidebar-style":"default","ast-global-header-display":"","ast-banner-title-visibility":"","ast-main-header-display":"","ast-hfb-above-header-display":"","ast-hfb-below-header-display":"","ast-hfb-mobile-header-display":"","site-post-title":"","ast-breadcrumbs-content":"","ast-featured-img":"","footer-sml-layout":"","ast-disable-related-posts":"","theme-transparent-header-meta":"default","adv-header-id-meta":"","stick-header-meta":"","header-above-stick-meta":"","header-main-stick-meta":"","header-below-stick-meta":"","astra-migrate-meta-layouts":"set","ast-page-background-enabled":"default","ast-page-background-meta":{"desktop":{"background-color":"var(--ast-global-color-4)","background-image":"","background-repeat":"repeat","background-position":"center center","background-size":"auto","background-attachment":"scroll","background-type":"","background-media":"","overlay-type":"","overlay-color":"","overlay-opacity":"","overlay-gradient":""},"tablet":{"background-color":"","background-image":"","background-repeat":"repeat","background-position":"center center","background-size":"auto","background-attachment":"scroll","background-type":"","background-media":"","overlay-type":"","overlay-color":"","overlay-opacity":"","overlay-gradient":""},"mobile":{"background-color":"","background-image":"","background-repeat":"repeat","background-position":"center center","background-size":"auto","background-attachment":"scroll","background-type":"","background-media":"","overlay-type":"","overlay-color":"","overlay-opacity":"","overlay-gradient":""}},"ast-content-background-meta":{"desktop":{"background-color":"var(--ast-global-color-5)","background-image":"","background-repeat":"repeat","background-position":"center center","background-size":"auto","background-attachment":"scroll","background-type":"","background-media":"","overlay-type":"","overlay-color":"","overlay-opacity":"","overlay-gradient":""},"tablet":{"background-color":"var(--ast-global-color-5)","background-image":"","background-repeat":"repeat","background-position":"center center","background-size":"auto","background-attachment":"scroll","background-type":"","background-media":"","overlay-type":"","overlay-color":"","overlay-opacity":"","overlay-gradient":""},"mobile":{"background-color":"var(--ast-global-color-5)","background-image":"","background-repeat":"repeat","background-position":"center center","background-size":"auto","background-attachment":"scroll","background-type":"","background-media":"","overlay-type":"","overlay-color":"","overlay-opacity":"","overlay-gradient":""}}},"product_brand":[],"product_cat":[181],"product_tag":[178],"class_list":{"0":"post-8928","1":"product","2":"type-product","3":"status-publish","4":"has-post-thumbnail","6":"product_cat-long-sleeved-kaftan","7":"product_tag-long-sleeved","8":"pa_color-light-grey-1","9":"pa_size-s","10":"pa_size-m","11":"pa_size-l","12":"pa_size-xl","13":"pa_size-xxl","14":"desktop-align-center","15":"tablet-align-center","16":"mobile-align-center","18":"first","19":"outofstock","20":"purchasable","21":"product-type-variable","22":"rtwpvs-product"},"_links":{"self":[{"href":"https:\/\/maisonhavilah.ca\/fr\/wp-json\/wp\/v2\/product\/8928","targetHints":{"allow":["GET"]}}],"collection":[{"href":"https:\/\/maisonhavilah.ca\/fr\/wp-json\/wp\/v2\/product"}],"about":[{"href":"https:\/\/maisonhavilah.ca\/fr\/wp-json\/wp\/v2\/types\/product"}],"replies":[{"embeddable":true,"href":"https:\/\/maisonhavilah.ca\/fr\/wp-json\/wp\/v2\/comments?post=8928"}],"wp:featuredmedia":[{"embeddable":true,"href":"https:\/\/maisonhavilah.ca\/fr\/wp-json\/wp\/v2\/media\/8929"}],"wp:attachment":[{"href":"https:\/\/maisonhavilah.ca\/fr\/wp-json\/wp\/v2\/media?parent=8928"}],"wp:term":[{"taxonomy":"product_brand","embeddable":true,"href":"https:\/\/maisonhavilah.ca\/fr\/wp-json\/wp\/v2\/product_brand?post=8928"},{"taxonomy":"product_cat","embeddable":true,"href":"https:\/\/maisonhavilah.ca\/fr\/wp-json\/wp\/v2\/product_cat?post=8928"},{"taxonomy":"product_tag","embeddable":true,"href":"https:\/\/maisonhavilah.ca\/fr\/wp-json\/wp\/v2\/product_tag?post=8928"}],"curies":[{"name":"wp","href":"https:\/\/api.w.org\/{rel}","templated":true}]}}