{"id":8881,"date":"2025-05-17T13:15:56","date_gmt":"2025-05-17T17:15:56","guid":{"rendered":"https:\/\/maisonhavilah.ca\/?post_type=product&#038;p=8881"},"modified":"2025-12-21T10:46:55","modified_gmt":"2025-12-21T15:46:55","slug":"sky-blue-kaftan-with-inverted-v-pocket","status":"publish","type":"product","link":"https:\/\/maisonhavilah.ca\/fr\/produit\/sky-blue-kaftan-with-inverted-v-pocket\/","title":{"rendered":"Kaftan bleu ciel \u00e0 poche V invers\u00e9e"},"content":{"rendered":"<p class=\"\" data-start=\"147\" data-end=\"561\">Un mod\u00e8le rafra\u00eechissant et minimaliste, le MH-004 s\u00e9duit par sa coupe courte et son bleu ciel doux et lumineux, parfait pour les saisons estivales. Il est agr\u00e9ment\u00e9 d'une poche poitrine avec d\u00e9tail en V invers\u00e9 ton sur ton et d'une petite plaque m\u00e9tallique Havilah qui rehausse la finition.\nL\u00e9ger, fluide et styl\u00e9, ce kaftan est id\u00e9al pour un look d\u00e9contract\u00e9-chic.<\/p>\n<p class=\"\" data-start=\"147\" data-end=\"561\">Le mannequin sur la photo porte du L<\/p>","protected":false},"excerpt":{"rendered":"<p><strong>Kaftan court bleu ciel<\/strong> \u00e0 poche en V. Frais, moderne, estival.<\/p>","protected":false},"featured_media":10043,"comment_status":"open","ping_status":"closed","template":"","meta":{"site-sidebar-layout":"default","site-content-layout":"","ast-site-content-layout":"default","site-content-style":"default","site-sidebar-style":"default","ast-global-header-display":"","ast-banner-title-visibility":"","ast-main-header-display":"","ast-hfb-above-header-display":"","ast-hfb-below-header-display":"","ast-hfb-mobile-header-display":"","site-post-title":"","ast-breadcrumbs-content":"","ast-featured-img":"","footer-sml-layout":"","ast-disable-related-posts":"","theme-transparent-header-meta":"default","adv-header-id-meta":"","stick-header-meta":"","header-above-stick-meta":"","header-main-stick-meta":"","header-below-stick-meta":"","astra-migrate-meta-layouts":"set","ast-page-background-enabled":"default","ast-page-background-meta":{"desktop":{"background-color":"var(--ast-global-color-4)","background-image":"","background-repeat":"repeat","background-position":"center center","background-size":"auto","background-attachment":"scroll","background-type":"","background-media":"","overlay-type":"","overlay-color":"","overlay-opacity":"","overlay-gradient":""},"tablet":{"background-color":"","background-image":"","background-repeat":"repeat","background-position":"center center","background-size":"auto","background-attachment":"scroll","background-type":"","background-media":"","overlay-type":"","overlay-color":"","overlay-opacity":"","overlay-gradient":""},"mobile":{"background-color":"","background-image":"","background-repeat":"repeat","background-position":"center center","background-size":"auto","background-attachment":"scroll","background-type":"","background-media":"","overlay-type":"","overlay-color":"","overlay-opacity":"","overlay-gradient":""}},"ast-content-background-meta":{"desktop":{"background-color":"var(--ast-global-color-5)","background-image":"","background-repeat":"repeat","background-position":"center center","background-size":"auto","background-attachment":"scroll","background-type":"","background-media":"","overlay-type":"","overlay-color":"","overlay-opacity":"","overlay-gradient":""},"tablet":{"background-color":"var(--ast-global-color-5)","background-image":"","background-repeat":"repeat","background-position":"center center","background-size":"auto","background-attachment":"scroll","background-type":"","background-media":"","overlay-type":"","overlay-color":"","overlay-opacity":"","overlay-gradient":""},"mobile":{"background-color":"var(--ast-global-color-5)","background-image":"","background-repeat":"repeat","background-position":"center center","background-size":"auto","background-attachment":"scroll","background-type":"","background-media":"","overlay-type":"","overlay-color":"","overlay-opacity":"","overlay-gradient":""}}},"product_brand":[],"product_cat":[182],"product_tag":[168,183],"class_list":{"0":"post-8881","1":"product","2":"type-product","3":"status-publish","4":"has-post-thumbnail","6":"product_cat-short-sleved-kaftan","7":"product_tag-blue","8":"product_tag-short-sleeved","9":"pa_color-pastel-blue","10":"pa_size-s","11":"pa_size-m","12":"pa_size-l","13":"pa_size-xl","14":"pa_size-xxl","15":"desktop-align-center","16":"tablet-align-center","17":"mobile-align-center","19":"first","20":"instock","21":"purchasable","22":"product-type-variable","23":"rtwpvs-product"},"_links":{"self":[{"href":"https:\/\/maisonhavilah.ca\/fr\/wp-json\/wp\/v2\/product\/8881","targetHints":{"allow":["GET"]}}],"collection":[{"href":"https:\/\/maisonhavilah.ca\/fr\/wp-json\/wp\/v2\/product"}],"about":[{"href":"https:\/\/maisonhavilah.ca\/fr\/wp-json\/wp\/v2\/types\/product"}],"replies":[{"embeddable":true,"href":"https:\/\/maisonhavilah.ca\/fr\/wp-json\/wp\/v2\/comments?post=8881"}],"wp:featuredmedia":[{"embeddable":true,"href":"https:\/\/maisonhavilah.ca\/fr\/wp-json\/wp\/v2\/media\/10043"}],"wp:attachment":[{"href":"https:\/\/maisonhavilah.ca\/fr\/wp-json\/wp\/v2\/media?parent=8881"}],"wp:term":[{"taxonomy":"product_brand","embeddable":true,"href":"https:\/\/maisonhavilah.ca\/fr\/wp-json\/wp\/v2\/product_brand?post=8881"},{"taxonomy":"product_cat","embeddable":true,"href":"https:\/\/maisonhavilah.ca\/fr\/wp-json\/wp\/v2\/product_cat?post=8881"},{"taxonomy":"product_tag","embeddable":true,"href":"https:\/\/maisonhavilah.ca\/fr\/wp-json\/wp\/v2\/product_tag?post=8881"}],"curies":[{"name":"wp","href":"https:\/\/api.w.org\/{rel}","templated":true}]}}