{"id":16603,"date":"2025-12-21T13:34:44","date_gmt":"2025-12-21T18:34:44","guid":{"rendered":"https:\/\/maisonhavilah.ca\/?page_id=16603"},"modified":"2025-12-21T13:46:31","modified_gmt":"2025-12-21T18:46:31","slug":"returns-policy-2","status":"publish","type":"page","link":"https:\/\/maisonhavilah.ca\/fr\/returns-policy-2\/","title":{"rendered":"Politique de retour"},"content":{"rendered":"<div data-elementor-type=\"wp-page\" data-elementor-id=\"16603\" class=\"elementor elementor-16603\" data-elementor-post-type=\"page\">\n\t\t\t\t<div class=\"elementor-element elementor-element-576916f e-flex e-con-boxed e-con e-parent\" data-id=\"576916f\" data-element_type=\"container\" data-e-type=\"container\" data-settings=\"{&quot;background_background&quot;:&quot;classic&quot;}\">\n\t\t\t\t\t<div class=\"e-con-inner\">\n\t\t<div class=\"elementor-element elementor-element-9dbd73e e-con-full e-flex e-con e-child\" data-id=\"9dbd73e\" data-element_type=\"container\" data-e-type=\"container\">\n\t\t\t\t<div class=\"elementor-element elementor-element-b4ad8cf elementor-widget elementor-widget-heading\" data-id=\"b4ad8cf\" data-element_type=\"widget\" data-e-type=\"widget\" data-widget_type=\"heading.default\">\n\t\t\t\t<div class=\"elementor-widget-container\">\n\t\t\t\t\t<h1 class=\"elementor-heading-title elementor-size-default\">Politique de retour<\/h1>\t\t\t\t<\/div>\n\t\t\t\t<\/div>\n\t\t\t\t<\/div>\n\t\t\t\t\t<\/div>\n\t\t\t\t<\/div>\n\t\t<div class=\"elementor-element elementor-element-5898f86 e-flex e-con-boxed e-con e-parent\" data-id=\"5898f86\" data-element_type=\"container\" data-e-type=\"container\">\n\t\t\t\t\t<div class=\"e-con-inner\">\n\t\t<div class=\"elementor-element elementor-element-a471c7a e-con-full e-flex e-con e-child\" data-id=\"a471c7a\" data-element_type=\"container\" data-e-type=\"container\">\n\t\t\t\t<div class=\"elementor-element elementor-element-602b490 elementor-widget elementor-widget-heading\" data-id=\"602b490\" data-element_type=\"widget\" data-e-type=\"widget\" data-widget_type=\"heading.default\">\n\t\t\t\t<div class=\"elementor-widget-container\">\n\t\t\t\t\t<h2 class=\"elementor-heading-title elementor-size-default\">Maison Havilah s\u2019engage \u00e0 offrir des retours et \u00e9changes faciles<\/h2>\t\t\t\t<\/div>\n\t\t\t\t<\/div>\n\t\t\t\t<\/div>\n\t\t<div class=\"elementor-element elementor-element-3f51f8d e-con-full e-flex e-con e-child\" data-id=\"3f51f8d\" data-element_type=\"container\" data-e-type=\"container\">\n\t\t\t\t<div class=\"elementor-element elementor-element-310a9d8 elementor-widget elementor-widget-heading\" data-id=\"310a9d8\" data-element_type=\"widget\" data-e-type=\"widget\" data-widget_type=\"heading.default\">\n\t\t\t\t<div class=\"elementor-widget-container\">\n\t\t\t\t\t<h6 class=\"elementor-heading-title elementor-size-default\">Notre politique<\/h6>\t\t\t\t<\/div>\n\t\t\t\t<\/div>\n\t\t\t\t<div class=\"elementor-element elementor-element-44bc7b6 elementor-widget elementor-widget-hfe-infocard\" data-id=\"44bc7b6\" data-element_type=\"widget\" data-e-type=\"widget\" data-widget_type=\"hfe-infocard.default\">\n\t\t\t\t<div class=\"elementor-widget-container\">\n\t\t\t\t\t\n\t\t<div class=\"hfe-infocard\">\n\t\t\t\t\t\t\t\t\t<div class=\"hfe-infocard-text-wrap\">\n\t\t\t\t<div class=\"hfe-infocard-text elementor-inline-editing\" data-elementor-setting-key=\"infocard_description\" data-elementor-inline-editing-toolbar=\"advanced\">\n\t\t\t\t\tNotre politique de remboursement et de retour est valable 30 jours. Si 30 jours se sont \u00e9coul\u00e9s depuis votre achat, nous ne pouvons pas vous offrir un remboursement complet ni un \u00e9change.\nPour \u00eatre \u00e9ligible \u00e0 un retour, votre article doit \u00eatre inutilis\u00e9 et dans le m\u00eame \u00e9tat que vous l\u2019avez re\u00e7u. Il doit \u00e9galement \u00eatre dans son emballage d\u2019origine.\n\nCertains types de produits sont exclus des retours. Les biens p\u00e9rissables tels que les aliments, les fleurs, les journaux ou magazines ne peuvent pas \u00eatre retourn\u00e9s. Nous n\u2019acceptons pas non plus les produits intimes ou sanitaires, les mati\u00e8res dangereuses, ni les liquides ou gaz inflammables.\t\t\t\t<\/div>\n\t\t\t\t\t\t\t<\/div>\n\t\t<\/div>\n\n\t\t\t\t\t\t<\/div>\n\t\t\t\t<\/div>\n\t\t\t\t<div class=\"elementor-element elementor-element-b168151 elementor-widget elementor-widget-hfe-infocard\" data-id=\"b168151\" data-element_type=\"widget\" data-e-type=\"widget\" data-widget_type=\"hfe-infocard.default\">\n\t\t\t\t<div class=\"elementor-widget-container\">\n\t\t\t\t\t\n\t\t<div class=\"hfe-infocard\">\n\t\t\t\t\t\t\t\t\t<div class=\"hfe-infocard-text-wrap\">\n\t\t\t\t<div class=\"hfe-infocard-text elementor-inline-editing\" data-elementor-setting-key=\"infocard_description\" data-elementor-inline-editing-toolbar=\"advanced\">\n\t\t\t\t\tArticles suppl\u00e9mentaires non retournables : cartes-cadeaux, logiciels t\u00e9l\u00e9chargeables, certains articles de sant\u00e9 et de soins personnels.\n\nPour effectuer votre retour, nous demandons un re\u00e7u ou une preuve d\u2019achat. Veuillez ne pas renvoyer votre achat au fabricant.\t\t\t\t<\/div>\n\t\t\t\t\t\t\t<\/div>\n\t\t<\/div>\n\n\t\t\t\t\t\t<\/div>\n\t\t\t\t<\/div>\n\t\t\t\t<\/div>\n\t\t<div class=\"elementor-element elementor-element-e92d08f e-con-full e-flex e-con e-child\" data-id=\"e92d08f\" data-element_type=\"container\" data-e-type=\"container\">\n\t\t\t\t<div class=\"elementor-element elementor-element-f4d1ee3 elementor-widget elementor-widget-rtsb-shopbuilder-faq\" data-id=\"f4d1ee3\" data-element_type=\"widget\" data-e-type=\"widget\" data-widget_type=\"rtsb-shopbuilder-faq.default\">\n\t\t\t\t<div class=\"elementor-widget-container\">\n\t\t\t\t\t<div id=\"rtsb-container-f4d1ee3\" class=\"rtsb-elementor-container rtsb-pos-r rtsb-shopbuilder-faq\" data-layout=\"rtsb-sb-faq-layout3\"><div class=\"rtsb-row rtsb-content-loader rtsb-sb-faq-layout3\"><div class=\"rtsb-col-grid\"><div class=\"rtsb-faq-wrapper\">\n\t<div class=\"rtsb-faq-list\">\n\t\t\t\t\t\t<div class=\"rtsb-faq-list-item\">\n\t\t\t\t\t<div class=\"rtsb-faq\">\n\t\t\t\t\t\t<div class=\"rtsb-faq-inner\">\n\t\t\t\t\t\t\t\t\t\t\t\t\t\t\t<span class=\"rtsb-faq-count\">01<\/span>\n\t\t\t\t\t\t\t\t\t\t\t\t\t\t<div class=\"rtsb-faq-content\">\n\t\t\t\t\t\t\t\t\t\t\t\t\t\t\t\t\t<h2 class=\"rtsb-faq-title rtsb-tag\">\n\t\t\t\t\t\t\t\t\tProc\u00e9dures de remboursement\t\t\t\t\t\t\t\t\t<\/h2>\n\t\t\t\t\t\t\t\t \n\t\t\t\t\t\t\t\t\t\t\t\t\t\t\t\t\t<div class=\"rtsb-faq-desc\">\n\t\t\t\t\t\t\t\t\t\t<p>Une fois votre retour re\u00e7u et inspect\u00e9, nous vous enverrons un e-mail pour vous informer de la r\u00e9ception de votre article retourn\u00e9. Nous vous informerons \u00e9galement de l\u2019approbation ou du refus de votre remboursement. En cas d\u2019approbation, votre remboursement sera trait\u00e9 et un cr\u00e9dit sera automatiquement appliqu\u00e9 \u00e0 votre carte bancaire ou \u00e0 votre mode de paiement initial, dans un d\u00e9lai de quelques jours.<\/p><p><!-- \/wp:paragraph --><!-- wp:paragraph --><\/p>\t\t\t\t\t\t\t\t\t<\/div>\n\t\t\t\t\t\t\t\t\t\t\t\t\t\t\t<\/div>\n\t\t\t\t\t\t<\/div>\n\t\t\t\t\t<\/div>\n\t\t\t\t<\/div>\n\t\t\t\t\t\t\t\t<div class=\"rtsb-faq-list-item\">\n\t\t\t\t\t<div class=\"rtsb-faq\">\n\t\t\t\t\t\t<div class=\"rtsb-faq-inner\">\n\t\t\t\t\t\t\t\t\t\t\t\t\t\t\t<span class=\"rtsb-faq-count\">02<\/span>\n\t\t\t\t\t\t\t\t\t\t\t\t\t\t<div class=\"rtsb-faq-content\">\n\t\t\t\t\t\t\t\t\t\t\t\t\t\t\t\t\t<h2 class=\"rtsb-faq-title rtsb-tag\">\n\t\t\t\t\t\t\t\t\tRemboursements en retard ou manquants\t\t\t\t\t\t\t\t\t<\/h2>\n\t\t\t\t\t\t\t\t \n\t\t\t\t\t\t\t\t\t\t\t\t\t\t\t\t\t<div class=\"rtsb-faq-desc\">\n\t\t\t\t\t\t\t\t\t\t<p>Si vous n\u2019avez pas encore re\u00e7u votre remboursement, v\u00e9rifiez d\u2019abord \u00e0 nouveau votre compte bancaire.<\/p><p><!-- \/wp:paragraph --><!-- wp:paragraph --><\/p><p>Ensuite, contactez votre soci\u00e9t\u00e9 de carte bancaire, car il peut s\u2019\u00e9couler un certain temps avant que votre remboursement ne soit officiellement enregistr\u00e9.<\/p><p><!-- \/wp:paragraph --><!-- wp:paragraph --><\/p><p>Ensuite, contactez votre banque. Il y a souvent un d\u00e9lai de traitement avant que le remboursement ne soit cr\u00e9dit\u00e9.<\/p><p><!-- \/wp:paragraph --><!-- wp:paragraph --><\/p><p class=\"translation-block\">Si vous avez effectu\u00e9 toutes ces d\u00e9marches et que vous n\u2019avez toujours pas re\u00e7u votre remboursement, veuillez nous contacter \u00e0 <a href=\"mailto:contact@maisonhavilah.ca\" target=\"_self\">contact@maisonhavilah.ca\n<\/a><\/p>\t\t\t\t\t\t\t\t\t<\/div>\n\t\t\t\t\t\t\t\t\t\t\t\t\t\t\t<\/div>\n\t\t\t\t\t\t<\/div>\n\t\t\t\t\t<\/div>\n\t\t\t\t<\/div>\n\t\t\t\t\t\t\t\t<div class=\"rtsb-faq-list-item\">\n\t\t\t\t\t<div class=\"rtsb-faq\">\n\t\t\t\t\t\t<div class=\"rtsb-faq-inner\">\n\t\t\t\t\t\t\t\t\t\t\t\t\t\t\t<span class=\"rtsb-faq-count\">03<\/span>\n\t\t\t\t\t\t\t\t\t\t\t\t\t\t<div class=\"rtsb-faq-content\">\n\t\t\t\t\t\t\t\t\t\t\t\t\t\t\t\t\t<h2 class=\"rtsb-faq-title rtsb-tag\">\n\t\t\t\t\t\t\t\t\tArticles en promotion\t\t\t\t\t\t\t\t\t<\/h2>\n\t\t\t\t\t\t\t\t \n\t\t\t\t\t\t\t\t\t\t\t\t\t\t\t\t\t<div class=\"rtsb-faq-desc\">\n\t\t\t\t\t\t\t\t\t\t<p>Seuls les articles \u00e0 prix normal peuvent \u00eatre rembours\u00e9s. Les articles en promotion ne peuvent pas \u00eatre rembours\u00e9s.<\/p>\t\t\t\t\t\t\t\t\t<\/div>\n\t\t\t\t\t\t\t\t\t\t\t\t\t\t\t<\/div>\n\t\t\t\t\t\t<\/div>\n\t\t\t\t\t<\/div>\n\t\t\t\t<\/div>\n\t\t\t\t\t\t\t\t<div class=\"rtsb-faq-list-item\">\n\t\t\t\t\t<div class=\"rtsb-faq\">\n\t\t\t\t\t\t<div class=\"rtsb-faq-inner\">\n\t\t\t\t\t\t\t\t\t\t\t\t\t\t\t<span class=\"rtsb-faq-count\">04<\/span>\n\t\t\t\t\t\t\t\t\t\t\t\t\t\t<div class=\"rtsb-faq-content\">\n\t\t\t\t\t\t\t\t\t\t\t\t\t\t\t\t\t<h2 class=\"rtsb-faq-title rtsb-tag\">\n\t\t\t\t\t\t\t\t\t\u00c9changes\t\t\t\t\t\t\t\t\t<\/h2>\n\t\t\t\t\t\t\t\t \n\t\t\t\t\t\t\t\t\t\t\t\t\t\t\t\t\t<div class=\"rtsb-faq-desc\">\n\t\t\t\t\t\t\t\t\t\t<p>Nous ne rempla\u00e7ons les articles que s\u2019ils sont d\u00e9fectueux ou endommag\u00e9s. Si vous devez l\u2019\u00e9changer contre le m\u00eame article, veuillez nous envoyer un e-mail \u00e0 <a href=\"mailto:contact@maisonhavilah.ca\">contact@maisonhavilah.ca<\/a><\/p>\t\t\t\t\t\t\t\t\t<\/div>\n\t\t\t\t\t\t\t\t\t\t\t\t\t\t\t<\/div>\n\t\t\t\t\t\t<\/div>\n\t\t\t\t\t<\/div>\n\t\t\t\t<\/div>\n\t\t\t\t\t\t\t\t<div class=\"rtsb-faq-list-item\">\n\t\t\t\t\t<div class=\"rtsb-faq\">\n\t\t\t\t\t\t<div class=\"rtsb-faq-inner\">\n\t\t\t\t\t\t\t\t\t\t\t\t\t\t\t<span class=\"rtsb-faq-count\">05<\/span>\n\t\t\t\t\t\t\t\t\t\t\t\t\t\t<div class=\"rtsb-faq-content\">\n\t\t\t\t\t\t\t\t\t\t\t\t\t\t\t\t\t<h2 class=\"rtsb-faq-title rtsb-tag\">\n\t\t\t\t\t\t\t\t\tCadeaux\t\t\t\t\t\t\t\t\t<\/h2>\n\t\t\t\t\t\t\t\t \n\t\t\t\t\t\t\t\t\t\t\t\t\t\t\t\t\t<div class=\"rtsb-faq-desc\">\n\t\t\t\t\t\t\t\t\t\t<p>Vos informations peuvent \u00eatre transf\u00e9r\u00e9es et trait\u00e9es dans des pays en dehors de votre pays de r\u00e9sidence. Nous veillons \u00e0 ce que ces transferts soient prot\u00e9g\u00e9s par des mesures de s\u00e9curit\u00e9 appropri\u00e9es, conform\u00e9ment aux lois applicables en mati\u00e8re de protection des donn\u00e9es.<\/p>\t\t\t\t\t\t\t\t\t<\/div>\n\t\t\t\t\t\t\t\t\t\t\t\t\t\t\t<\/div>\n\t\t\t\t\t\t<\/div>\n\t\t\t\t\t<\/div>\n\t\t\t\t<\/div>\n\t\t\t\t\t\t\t\t<div class=\"rtsb-faq-list-item\">\n\t\t\t\t\t<div class=\"rtsb-faq\">\n\t\t\t\t\t\t<div class=\"rtsb-faq-inner\">\n\t\t\t\t\t\t\t\t\t\t\t\t\t\t\t<span class=\"rtsb-faq-count\">06<\/span>\n\t\t\t\t\t\t\t\t\t\t\t\t\t\t<div class=\"rtsb-faq-content\">\n\t\t\t\t\t\t\t\t\t\t\t\t\t\t\t\t\t<h2 class=\"rtsb-faq-title rtsb-tag\">\n\t\t\t\t\t\t\t\t\tLivraison et retours\t\t\t\t\t\t\t\t\t<\/h2>\n\t\t\t\t\t\t\t\t \n\t\t\t\t\t\t\t\t\t\t\t\t\t\t\t\t\t<div class=\"rtsb-faq-desc\">\n\t\t\t\t\t\t\t\t\t\t<p>Les frais d\u2019exp\u00e9dition pour le retour de votre article sont \u00e0 votre charge. Les frais d\u2019exp\u00e9dition ne sont pas remboursables. Si un remboursement est accord\u00e9, les frais de retour seront d\u00e9duits de votre remboursement.<\/p><p><!-- \/wp:paragraph --><!-- wp:paragraph --><\/p><p>Selon votre lieu de r\u00e9sidence, le d\u00e9lai de r\u00e9ception de votre produit \u00e9chang\u00e9 peut varier.<\/p><p><!-- \/wp:paragraph --><!-- wp:paragraph --><\/p><p>Si vous retournez des articles de valeur plus \u00e9lev\u00e9e, nous vous recommandons d\u2019utiliser un service de livraison avec suivi ou de souscrire une assurance d\u2019exp\u00e9dition. Nous ne garantissons pas la r\u00e9ception de votre article retourn\u00e9.<\/p>\t\t\t\t\t\t\t\t\t<\/div>\n\t\t\t\t\t\t\t\t\t\t\t\t\t\t\t<\/div>\n\t\t\t\t\t\t<\/div>\n\t\t\t\t\t<\/div>\n\t\t\t\t<\/div>\n\t\t\t\t\t\t\t\t<div class=\"rtsb-faq-list-item\">\n\t\t\t\t\t<div class=\"rtsb-faq\">\n\t\t\t\t\t\t<div class=\"rtsb-faq-inner\">\n\t\t\t\t\t\t\t\t\t\t\t\t\t\t\t<span class=\"rtsb-faq-count\">07<\/span>\n\t\t\t\t\t\t\t\t\t\t\t\t\t\t<div class=\"rtsb-faq-content\">\n\t\t\t\t\t\t\t\t\t\t\t\t\t\t\t\t\t<h2 class=\"rtsb-faq-title rtsb-tag\">\n\t\t\t\t\t\t\t\t\tBesoin d\u2019assistance ?\t\t\t\t\t\t\t\t\t<\/h2>\n\t\t\t\t\t\t\t\t \n\t\t\t\t\t\t\t\t\t\t\t\t\t\t\t\t\t<div class=\"rtsb-faq-desc\">\n\t\t\t\t\t\t\t\t\t\t<p>Contactez-nous \u00e0 <a href=\"mailto:contact@maisonhavilah.ca\">contact@maisonhavilah.ca<\/a> pour toute question relative aux remboursements et aux retours.<\/p>\t\t\t\t\t\t\t\t\t<\/div>\n\t\t\t\t\t\t\t\t\t\t\t\t\t\t\t<\/div>\n\t\t\t\t\t\t<\/div>\n\t\t\t\t\t<\/div>\n\t\t\t\t<\/div>\n\t\t\t\t\t<\/div>\n<\/div>\n<\/div><!-- .rtsb-col-grid --><\/div><!-- .rtsb-row --><\/div><!-- .rtsb-container -->\t\t\t\t<\/div>\n\t\t\t\t<\/div>\n\t\t\t\t<\/div>\n\t\t\t\t\t<\/div>\n\t\t\t\t<\/div>\n\t\t<div class=\"elementor-element elementor-element-2f1be4e e-flex e-con-boxed e-con e-parent\" data-id=\"2f1be4e\" data-element_type=\"container\" data-e-type=\"container\" data-settings=\"{&quot;background_background&quot;:&quot;classic&quot;}\">\n\t\t\t\t\t<div class=\"e-con-inner\">\n\t\t<div class=\"elementor-element elementor-element-98d7d19 e-con-full e-flex e-con e-child\" data-id=\"98d7d19\" data-element_type=\"container\" data-e-type=\"container\">\n\t\t\t\t<div class=\"elementor-element elementor-element-0cbc977 elementor-widget elementor-widget-heading\" data-id=\"0cbc977\" data-element_type=\"widget\" data-e-type=\"widget\" data-widget_type=\"heading.default\">\n\t\t\t\t<div class=\"elementor-widget-container\">\n\t\t\t\t\t<h6 class=\"elementor-heading-title elementor-size-default\">Explorez<\/h6>\t\t\t\t<\/div>\n\t\t\t\t<\/div>\n\t\t\t\t<div class=\"elementor-element elementor-element-2915af7 elementor-widget elementor-widget-image-box\" data-id=\"2915af7\" data-element_type=\"widget\" data-e-type=\"widget\" data-widget_type=\"image-box.default\">\n\t\t\t\t<div class=\"elementor-widget-container\">\n\t\t\t\t\t<div class=\"elementor-image-box-wrapper\"><div class=\"elementor-image-box-content\"><h2 class=\"elementor-image-box-title\">Rehaussez votre garde-robe, adoptez un style intemporel !<\/h2><p class=\"elementor-image-box-description\">Explorez nos collections d\u00e8s aujourd'hui et d\u00e9couvrez les joies de la mode. Magasinez d\u00e8s maintenant pour d\u00e9couvrir l'incarnation de la sophistication chic !<\/p><\/div><\/div>\t\t\t\t<\/div>\n\t\t\t\t<\/div>\n\t\t\t\t<div class=\"elementor-element elementor-element-d75bf1e elementor-widget elementor-widget-button\" data-id=\"d75bf1e\" data-element_type=\"widget\" data-e-type=\"widget\" data-widget_type=\"button.default\">\n\t\t\t\t<div class=\"elementor-widget-container\">\n\t\t\t\t\t\t\t\t\t<div class=\"elementor-button-wrapper\">\n\t\t\t\t\t<a class=\"elementor-button elementor-button-link elementor-size-sm\" href=\"https:\/\/maisonhavilah.ca\/fr\/shop\/\">\n\t\t\t\t\t\t<span class=\"elementor-button-content-wrapper\">\n\t\t\t\t\t\t\t\t\t<span class=\"elementor-button-text\">Boutique<\/span>\n\t\t\t\t\t<\/span>\n\t\t\t\t\t<\/a>\n\t\t\t\t<\/div>\n\t\t\t\t\t\t\t\t<\/div>\n\t\t\t\t<\/div>\n\t\t\t\t<\/div>\n\t\t\t\t\t<\/div>\n\t\t\t\t<\/div>\n\t\t<div class=\"elementor-element elementor-element-c032c69 e-flex e-con-boxed e-con e-parent\" data-id=\"c032c69\" data-element_type=\"container\" data-e-type=\"container\">\n\t\t\t\t\t<div class=\"e-con-inner\">\n\t\t\t\t\t<\/div>\n\t\t\t\t<\/div>\n\t\t\t\t<\/div>","protected":false},"excerpt":{"rendered":"<p>Returns Policy Maison Havilah is committed to offer Easy Returns &amp; Exchanges Our Policy Our refund and returns policy lasts [&hellip;]<\/p>\n","protected":false},"author":1,"featured_media":0,"parent":0,"menu_order":3,"comment_status":"closed","ping_status":"closed","template":"","meta":{"site-sidebar-layout":"no-sidebar","site-content-layout":"","ast-site-content-layout":"full-width-container","site-content-style":"default","site-sidebar-style":"default","ast-global-header-display":"","ast-banner-title-visibility":"","ast-main-header-display":"","ast-hfb-above-header-display":"","ast-hfb-below-header-display":"","ast-hfb-mobile-header-display":"","site-post-title":"disabled","ast-breadcrumbs-content":"","ast-featured-img":"disabled","footer-sml-layout":"","ast-disable-related-posts":"","theme-transparent-header-meta":"enabled","adv-header-id-meta":"","stick-header-meta":"","header-above-stick-meta":"","header-main-stick-meta":"","header-below-stick-meta":"","astra-migrate-meta-layouts":"default","ast-page-background-enabled":"default","ast-page-background-meta":{"desktop":{"background-color":"var(--ast-global-color-4)","background-image":"","background-repeat":"repeat","background-position":"center center","background-size":"auto","background-attachment":"scroll","background-type":"","background-media":"","overlay-type":"","overlay-color":"","overlay-opacity":"","overlay-gradient":""},"tablet":{"background-color":"","background-image":"","background-repeat":"repeat","background-position":"center center","background-size":"auto","background-attachment":"scroll","background-type":"","background-media":"","overlay-type":"","overlay-color":"","overlay-opacity":"","overlay-gradient":""},"mobile":{"background-color":"","background-image":"","background-repeat":"repeat","background-position":"center center","background-size":"auto","background-attachment":"scroll","background-type":"","background-media":"","overlay-type":"","overlay-color":"","overlay-opacity":"","overlay-gradient":""}},"ast-content-background-meta":{"desktop":{"background-color":"var(--ast-global-color-5)","background-image":"","background-repeat":"repeat","background-position":"center center","background-size":"auto","background-attachment":"scroll","background-type":"","background-media":"","overlay-type":"","overlay-color":"","overlay-opacity":"","overlay-gradient":""},"tablet":{"background-color":"var(--ast-global-color-5)","background-image":"","background-repeat":"repeat","background-position":"center center","background-size":"auto","background-attachment":"scroll","background-type":"","background-media":"","overlay-type":"","overlay-color":"","overlay-opacity":"","overlay-gradient":""},"mobile":{"background-color":"var(--ast-global-color-5)","background-image":"","background-repeat":"repeat","background-position":"center center","background-size":"auto","background-attachment":"scroll","background-type":"","background-media":"","overlay-type":"","overlay-color":"","overlay-opacity":"","overlay-gradient":""}},"footnotes":""},"class_list":["post-16603","page","type-page","status-publish","hentry"],"_links":{"self":[{"href":"https:\/\/maisonhavilah.ca\/fr\/wp-json\/wp\/v2\/pages\/16603","targetHints":{"allow":["GET"]}}],"collection":[{"href":"https:\/\/maisonhavilah.ca\/fr\/wp-json\/wp\/v2\/pages"}],"about":[{"href":"https:\/\/maisonhavilah.ca\/fr\/wp-json\/wp\/v2\/types\/page"}],"author":[{"embeddable":true,"href":"https:\/\/maisonhavilah.ca\/fr\/wp-json\/wp\/v2\/users\/1"}],"replies":[{"embeddable":true,"href":"https:\/\/maisonhavilah.ca\/fr\/wp-json\/wp\/v2\/comments?post=16603"}],"version-history":[{"count":7,"href":"https:\/\/maisonhavilah.ca\/fr\/wp-json\/wp\/v2\/pages\/16603\/revisions"}],"predecessor-version":[{"id":16620,"href":"https:\/\/maisonhavilah.ca\/fr\/wp-json\/wp\/v2\/pages\/16603\/revisions\/16620"}],"wp:attachment":[{"href":"https:\/\/maisonhavilah.ca\/fr\/wp-json\/wp\/v2\/media?parent=16603"}],"curies":[{"name":"wp","href":"https:\/\/api.w.org\/{rel}","templated":true}]}}