{"id":16369,"date":"2025-12-18T20:31:50","date_gmt":"2025-12-19T01:31:50","guid":{"rendered":"https:\/\/maisonhavilah.ca\/?page_id=16369"},"modified":"2025-12-21T13:47:44","modified_gmt":"2025-12-21T18:47:44","slug":"terms-conditions-2","status":"publish","type":"page","link":"https:\/\/maisonhavilah.ca\/fr\/terms-conditions-2\/","title":{"rendered":"Conditions g\u00e9n\u00e9rales d'utilisation"},"content":{"rendered":"<div data-elementor-type=\"wp-page\" data-elementor-id=\"16369\" class=\"elementor elementor-16369\" data-elementor-post-type=\"page\">\n\t\t\t\t<div class=\"elementor-element elementor-element-576916f e-flex e-con-boxed e-con e-parent\" data-id=\"576916f\" data-element_type=\"container\" data-e-type=\"container\" data-settings=\"{&quot;background_background&quot;:&quot;classic&quot;}\">\n\t\t\t\t\t<div class=\"e-con-inner\">\n\t\t<div class=\"elementor-element elementor-element-9dbd73e e-con-full e-flex e-con e-child\" data-id=\"9dbd73e\" data-element_type=\"container\" data-e-type=\"container\">\n\t\t\t\t<div class=\"elementor-element elementor-element-b4ad8cf elementor-widget elementor-widget-heading\" data-id=\"b4ad8cf\" data-element_type=\"widget\" data-e-type=\"widget\" data-widget_type=\"heading.default\">\n\t\t\t\t<div class=\"elementor-widget-container\">\n\t\t\t\t\t<h1 class=\"elementor-heading-title elementor-size-default\">Conditions g\u00e9n\u00e9rales d\u2019utilisation<\/h1>\t\t\t\t<\/div>\n\t\t\t\t<\/div>\n\t\t\t\t<\/div>\n\t\t\t\t\t<\/div>\n\t\t\t\t<\/div>\n\t\t<div class=\"elementor-element elementor-element-5898f86 e-flex e-con-boxed e-con e-parent\" data-id=\"5898f86\" data-element_type=\"container\" data-e-type=\"container\">\n\t\t\t\t\t<div class=\"e-con-inner\">\n\t\t<div class=\"elementor-element elementor-element-a471c7a e-con-full e-flex e-con e-child\" data-id=\"a471c7a\" data-element_type=\"container\" data-e-type=\"container\">\n\t\t\t\t<div class=\"elementor-element elementor-element-602b490 elementor-widget elementor-widget-heading\" data-id=\"602b490\" data-element_type=\"widget\" data-e-type=\"widget\" data-widget_type=\"heading.default\">\n\t\t\t\t<div class=\"elementor-widget-container\">\n\t\t\t\t\t<h2 class=\"elementor-heading-title elementor-size-default\">Les pr\u00e9sentes conditions g\u00e9n\u00e9rales r\u00e9gissent l\u2019utilisation du site web et des services de Maison Havilah.<\/h2>\t\t\t\t<\/div>\n\t\t\t\t<\/div>\n\t\t\t\t<\/div>\n\t\t<div class=\"elementor-element elementor-element-3f51f8d e-con-full e-flex e-con e-child\" data-id=\"3f51f8d\" data-element_type=\"container\" data-e-type=\"container\">\n\t\t\t\t<div class=\"elementor-element elementor-element-310a9d8 elementor-widget elementor-widget-heading\" data-id=\"310a9d8\" data-element_type=\"widget\" data-e-type=\"widget\" data-widget_type=\"heading.default\">\n\t\t\t\t<div class=\"elementor-widget-container\">\n\t\t\t\t\t<h6 class=\"elementor-heading-title elementor-size-default\">Notre politique<\/h6>\t\t\t\t<\/div>\n\t\t\t\t<\/div>\n\t\t\t\t<div class=\"elementor-element elementor-element-44bc7b6 elementor-widget elementor-widget-hfe-infocard\" data-id=\"44bc7b6\" data-element_type=\"widget\" data-e-type=\"widget\" data-widget_type=\"hfe-infocard.default\">\n\t\t\t\t<div class=\"elementor-widget-container\">\n\t\t\t\t\t\n\t\t<div class=\"hfe-infocard\">\n\t\t\t\t\t\t\t\t\t<div class=\"hfe-infocard-text-wrap\">\n\t\t\t\t<div class=\"hfe-infocard-text elementor-inline-editing\" data-elementor-setting-key=\"infocard_description\" data-elementor-inline-editing-toolbar=\"advanced\">\n\t\t\t\t\tCes conditions g\u00e9n\u00e9rales d\u00e9finissent les r\u00e8gles et les modalit\u00e9s d\u2019utilisation de notre site web ainsi que les conditions d\u2019achat sur notre boutique en ligne \u00e0 l\u2019adresse suivante : \t\t\t\t<\/div>\n\t\t\t\t\t\t\t<\/div>\n\t\t<\/div>\n\n\t\t\t\t\t\t<\/div>\n\t\t\t\t<\/div>\n\t\t\t\t<div class=\"elementor-element elementor-element-16c513d elementor-widget elementor-widget-hfe-infocard\" data-id=\"16c513d\" data-element_type=\"widget\" data-e-type=\"widget\" data-widget_type=\"hfe-infocard.default\">\n\t\t\t\t<div class=\"elementor-widget-container\">\n\t\t\t\t\t\n\t\t<div class=\"hfe-infocard\">\n\t\t\t\t\t\t\t\t\t<div class=\"hfe-infocard-text-wrap\">\n\t\t\t\t<div class=\"hfe-infocard-text elementor-inline-editing\" data-elementor-setting-key=\"infocard_description\" data-elementor-inline-editing-toolbar=\"advanced\">\n\t\t\t\t\tEn acc\u00e9dant \u00e0 notre site web ou en l\u2019utilisant, vous acceptez d\u2019\u00eatre li\u00e9 par ces conditions. Si vous n\u2019acceptez pas une partie quelconque de ces conditions, veuillez ne pas utiliser notre site web.\n\t\t\t\t<\/div>\n\t\t\t\t\t\t\t<\/div>\n\t\t<\/div>\n\n\t\t\t\t\t\t<\/div>\n\t\t\t\t<\/div>\n\t\t\t\t<\/div>\n\t\t<div class=\"elementor-element elementor-element-e92d08f e-con-full e-flex e-con e-child\" data-id=\"e92d08f\" data-element_type=\"container\" data-e-type=\"container\">\n\t\t\t\t<div class=\"elementor-element elementor-element-f4d1ee3 elementor-widget elementor-widget-rtsb-shopbuilder-faq\" data-id=\"f4d1ee3\" data-element_type=\"widget\" data-e-type=\"widget\" data-widget_type=\"rtsb-shopbuilder-faq.default\">\n\t\t\t\t<div class=\"elementor-widget-container\">\n\t\t\t\t\t<div id=\"rtsb-container-f4d1ee3\" class=\"rtsb-elementor-container rtsb-pos-r rtsb-shopbuilder-faq\" data-layout=\"rtsb-sb-faq-layout3\"><div class=\"rtsb-row rtsb-content-loader rtsb-sb-faq-layout3\"><div class=\"rtsb-col-grid\"><div class=\"rtsb-faq-wrapper\">\n\t<div class=\"rtsb-faq-list\">\n\t\t\t\t\t\t<div class=\"rtsb-faq-list-item\">\n\t\t\t\t\t<div class=\"rtsb-faq\">\n\t\t\t\t\t\t<div class=\"rtsb-faq-inner\">\n\t\t\t\t\t\t\t\t\t\t\t\t\t\t\t<span class=\"rtsb-faq-count\">01<\/span>\n\t\t\t\t\t\t\t\t\t\t\t\t\t\t<div class=\"rtsb-faq-content\">\n\t\t\t\t\t\t\t\t\t\t\t\t\t\t\t\t\t<h2 class=\"rtsb-faq-title rtsb-tag\">\n\t\t\t\t\t\t\t\t\tMaison Havilah\t\t\t\t\t\t\t\t\t<\/h2>\n\t\t\t\t\t\t\t\t \n\t\t\t\t\t\t\t\t\t\t\t\t\t\t\t\t\t<div class=\"rtsb-faq-desc\">\n\t\t\t\t\t\t\t\t\t\t<p>Maison Havilah est une marque de mode sp\u00e9cialis\u00e9e dans les caftans pour hommes modernes, alliant \u00e9l\u00e9gance, design contemporain et identit\u00e9 culturelle. Tous les produits sont con\u00e7us avec soin et peuvent \u00eatre produits en quantit\u00e9s limit\u00e9es.<\/p>\t\t\t\t\t\t\t\t\t<\/div>\n\t\t\t\t\t\t\t\t\t\t\t\t\t\t\t<\/div>\n\t\t\t\t\t\t<\/div>\n\t\t\t\t\t<\/div>\n\t\t\t\t<\/div>\n\t\t\t\t\t\t\t\t<div class=\"rtsb-faq-list-item\">\n\t\t\t\t\t<div class=\"rtsb-faq\">\n\t\t\t\t\t\t<div class=\"rtsb-faq-inner\">\n\t\t\t\t\t\t\t\t\t\t\t\t\t\t\t<span class=\"rtsb-faq-count\">02<\/span>\n\t\t\t\t\t\t\t\t\t\t\t\t\t\t<div class=\"rtsb-faq-content\">\n\t\t\t\t\t\t\t\t\t\t\t\t\t\t\t\t\t<h2 class=\"rtsb-faq-title rtsb-tag\">\n\t\t\t\t\t\t\t\t\tConditions d\u2019\u00e9ligibilit\u00e9 \u00e0 l\u2019utilisation du site\t\t\t\t\t\t\t\t\t<\/h2>\n\t\t\t\t\t\t\t\t \n\t\t\t\t\t\t\t\t\t\t\t\t\t\t\t\t\t<div class=\"rtsb-faq-desc\">\n\t\t\t\t\t\t\t\t\t\t<p>En utilisant ce site web, vous confirmez que :<\/p><p>\u00a0<\/p><ul data-spread=\"false\"><li><p>Vous avez au moins 18 ans ou disposez de l\u2019autorisation d\u2019un tuteur l\u00e9gal<\/p><\/li><li><p>Vous \u00eates l\u00e9galement capable de conclure un contrat contraignant<\/p><\/li><li><p>Vous \u00eates l\u00e9galement capable de conclure un contrat contraignant<\/p><\/li><\/ul>\t\t\t\t\t\t\t\t\t<\/div>\n\t\t\t\t\t\t\t\t\t\t\t\t\t\t\t<\/div>\n\t\t\t\t\t\t<\/div>\n\t\t\t\t\t<\/div>\n\t\t\t\t<\/div>\n\t\t\t\t\t\t\t\t<div class=\"rtsb-faq-list-item\">\n\t\t\t\t\t<div class=\"rtsb-faq\">\n\t\t\t\t\t\t<div class=\"rtsb-faq-inner\">\n\t\t\t\t\t\t\t\t\t\t\t\t\t\t\t<span class=\"rtsb-faq-count\">03<\/span>\n\t\t\t\t\t\t\t\t\t\t\t\t\t\t<div class=\"rtsb-faq-content\">\n\t\t\t\t\t\t\t\t\t\t\t\t\t\t\t\t\t<h2 class=\"rtsb-faq-title rtsb-tag\">\n\t\t\t\t\t\t\t\t\tDisponibilit\u00e9 des produits\t\t\t\t\t\t\t\t\t<\/h2>\n\t\t\t\t\t\t\t\t \n\t\t\t\t\t\t\t\t\t\t\t\t\t\t\t\t\t<div class=\"rtsb-faq-desc\">\n\t\t\t\t\t\t\t\t\t\t<ul><li><p>Tous les produits affich\u00e9s sur le site sont soumis \u00e0 disponibilit\u00e9.<\/p><\/li><li><p>Nous nous r\u00e9servons le droit de limiter les quantit\u00e9s ou de retirer tout produit \u00e0 tout moment, sans pr\u00e9avis.<\/p><\/li><li><p>Les images des produits sont fournies \u00e0 titre illustratif uniquement.<\/p><\/li><li><p>De l\u00e9g\u00e8res variations de couleur ou de tissu peuvent survenir en raison de l\u2019\u00e9clairage, des r\u00e9glages de l\u2019\u00e9cran ou de la fabrication artisanale.<\/p><\/li><\/ul>\t\t\t\t\t\t\t\t\t<\/div>\n\t\t\t\t\t\t\t\t\t\t\t\t\t\t\t<\/div>\n\t\t\t\t\t\t<\/div>\n\t\t\t\t\t<\/div>\n\t\t\t\t<\/div>\n\t\t\t\t\t\t\t\t<div class=\"rtsb-faq-list-item\">\n\t\t\t\t\t<div class=\"rtsb-faq\">\n\t\t\t\t\t\t<div class=\"rtsb-faq-inner\">\n\t\t\t\t\t\t\t\t\t\t\t\t\t\t\t<span class=\"rtsb-faq-count\">04<\/span>\n\t\t\t\t\t\t\t\t\t\t\t\t\t\t<div class=\"rtsb-faq-content\">\n\t\t\t\t\t\t\t\t\t\t\t\t\t\t\t\t\t<h2 class=\"rtsb-faq-title rtsb-tag\">\n\t\t\t\t\t\t\t\t\tPrix et modalit\u00e9s de paiement\t\t\t\t\t\t\t\t\t<\/h2>\n\t\t\t\t\t\t\t\t \n\t\t\t\t\t\t\t\t\t\t\t\t\t\t\t\t\t<div class=\"rtsb-faq-desc\">\n\t\t\t\t\t\t\t\t\t\t<ul><li><p>Tous les prix sont indiqu\u00e9s dans la devise affich\u00e9e sur le site et incluent ou excluent les taxes, selon ce qui est pr\u00e9cis\u00e9.<\/p><\/li><li><p>Les prix peuvent \u00eatre modifi\u00e9s \u00e0 tout moment sans pr\u00e9avis.<\/p><\/li><li><p>Les paiements sont trait\u00e9s en toute s\u00e9curit\u00e9 via des processeurs de paiement tiers encrypt\u00e9s.<\/p><\/li><li><p>Maison Havilah ne stocke pas et n\u2019a pas acc\u00e8s aux d\u00e9tails complets de votre carte de paiement.<\/p><\/li><\/ul>\t\t\t\t\t\t\t\t\t<\/div>\n\t\t\t\t\t\t\t\t\t\t\t\t\t\t\t<\/div>\n\t\t\t\t\t\t<\/div>\n\t\t\t\t\t<\/div>\n\t\t\t\t<\/div>\n\t\t\t\t\t\t\t\t<div class=\"rtsb-faq-list-item\">\n\t\t\t\t\t<div class=\"rtsb-faq\">\n\t\t\t\t\t\t<div class=\"rtsb-faq-inner\">\n\t\t\t\t\t\t\t\t\t\t\t\t\t\t\t<span class=\"rtsb-faq-count\">05<\/span>\n\t\t\t\t\t\t\t\t\t\t\t\t\t\t<div class=\"rtsb-faq-content\">\n\t\t\t\t\t\t\t\t\t\t\t\t\t\t\t\t\t<h2 class=\"rtsb-faq-title rtsb-tag\">\n\t\t\t\t\t\t\t\t\tCommandes et confirmation de commande\t\t\t\t\t\t\t\t\t<\/h2>\n\t\t\t\t\t\t\t\t \n\t\t\t\t\t\t\t\t\t\t\t\t\t\t\t\t\t<div class=\"rtsb-faq-desc\">\n\t\t\t\t\t\t\t\t\t\t<ul><li><p>Une commande n\u2019est consid\u00e9r\u00e9e comme confirm\u00e9e que lorsque le paiement a \u00e9t\u00e9 trait\u00e9 avec succ\u00e8s et que vous recevez un e-mail de confirmation de commande.<\/p><\/li><li><p>Nous nous r\u00e9servons le droit de refuser ou d\u2019annuler toute commande pour des raisons telles que l\u2019indisponibilit\u00e9 du produit, des erreurs dans les d\u00e9tails du produit ou un soup\u00e7on de fraude.<\/p><\/li><\/ul>\t\t\t\t\t\t\t\t\t<\/div>\n\t\t\t\t\t\t\t\t\t\t\t\t\t\t\t<\/div>\n\t\t\t\t\t\t<\/div>\n\t\t\t\t\t<\/div>\n\t\t\t\t<\/div>\n\t\t\t\t\t\t\t\t<div class=\"rtsb-faq-list-item\">\n\t\t\t\t\t<div class=\"rtsb-faq\">\n\t\t\t\t\t\t<div class=\"rtsb-faq-inner\">\n\t\t\t\t\t\t\t\t\t\t\t\t\t\t\t<span class=\"rtsb-faq-count\">06<\/span>\n\t\t\t\t\t\t\t\t\t\t\t\t\t\t<div class=\"rtsb-faq-content\">\n\t\t\t\t\t\t\t\t\t\t\t\t\t\t\t\t\t<h2 class=\"rtsb-faq-title rtsb-tag\">\n\t\t\t\t\t\t\t\t\tFrais d\u2019exp\u00e9dition et modalit\u00e9s de livraison\t\t\t\t\t\t\t\t\t<\/h2>\n\t\t\t\t\t\t\t\t \n\t\t\t\t\t\t\t\t\t\t\t\t\t\t\t\t\t<div class=\"rtsb-faq-desc\">\n\t\t\t\t\t\t\t\t\t\t<ul><li><p>Les d\u00e9lais de livraison sont estimatifs et peuvent varier en fonction de votre localisation.<\/p><\/li><li><p>Maison Havilah n\u2019est pas responsable des retards caus\u00e9s par les douanes ou les services de messagerie.<\/p><\/li><li><p>Le risque de perte vous est transf\u00e9r\u00e9 lors de la livraison de la commande.<\/p><\/li><\/ul>\t\t\t\t\t\t\t\t\t<\/div>\n\t\t\t\t\t\t\t\t\t\t\t\t\t\t\t<\/div>\n\t\t\t\t\t\t<\/div>\n\t\t\t\t\t<\/div>\n\t\t\t\t<\/div>\n\t\t\t\t\t\t\t\t<div class=\"rtsb-faq-list-item\">\n\t\t\t\t\t<div class=\"rtsb-faq\">\n\t\t\t\t\t\t<div class=\"rtsb-faq-inner\">\n\t\t\t\t\t\t\t\t\t\t\t\t\t\t\t<span class=\"rtsb-faq-count\">07<\/span>\n\t\t\t\t\t\t\t\t\t\t\t\t\t\t<div class=\"rtsb-faq-content\">\n\t\t\t\t\t\t\t\t\t\t\t\t\t\t\t\t\t<h2 class=\"rtsb-faq-title rtsb-tag\">\n\t\t\t\t\t\t\t\t\tPolitique de retours et d\u2019\u00e9changes\t\t\t\t\t\t\t\t\t<\/h2>\n\t\t\t\t\t\t\t\t \n\t\t\t\t\t\t\t\t\t\t\t\t\t\t\t\t\t<div class=\"rtsb-faq-desc\">\n\t\t\t\t\t\t\t\t\t\t<ul><li><p class=\"translation-block\">Les retours ou \u00e9changes sont soumis \u00e0 notre <strong>Politique de retour<\/strong>.<\/p><\/li><li><p>Les articles doivent \u00eatre inutilis\u00e9s, non lav\u00e9s, et dans leur \u00e9tat d'origine avec toutes les \u00e9tiquettes attach\u00e9es.<\/p><\/li><li><p>Les articles personnalis\u00e9s ou en \u00e9dition limit\u00e9e peuvent ne pas \u00eatre \u00e9ligibles au retour, sauf en cas de d\u00e9faut.<\/p><\/li><li><p>Les remboursements approuv\u00e9s seront effectu\u00e9s sur le mode de paiement initial dans un d\u00e9lai raisonnable.<\/p><\/li><\/ul>\t\t\t\t\t\t\t\t\t<\/div>\n\t\t\t\t\t\t\t\t\t\t\t\t\t\t\t<\/div>\n\t\t\t\t\t\t<\/div>\n\t\t\t\t\t<\/div>\n\t\t\t\t<\/div>\n\t\t\t\t\t\t\t\t<div class=\"rtsb-faq-list-item\">\n\t\t\t\t\t<div class=\"rtsb-faq\">\n\t\t\t\t\t\t<div class=\"rtsb-faq-inner\">\n\t\t\t\t\t\t\t\t\t\t\t\t\t\t\t<span class=\"rtsb-faq-count\">08<\/span>\n\t\t\t\t\t\t\t\t\t\t\t\t\t\t<div class=\"rtsb-faq-content\">\n\t\t\t\t\t\t\t\t\t\t\t\t\t\t\t\t\t<h2 class=\"rtsb-faq-title rtsb-tag\">\n\t\t\t\t\t\t\t\t\tDroits de propri\u00e9t\u00e9 intellectuelle\t\t\t\t\t\t\t\t\t<\/h2>\n\t\t\t\t\t\t\t\t \n\t\t\t\t\t\t\t\t\t\t\t\t\t\t\t\t\t<div class=\"rtsb-faq-desc\">\n\t\t\t\t\t\t\t\t\t\t<p>L\u2019ensemble du contenu du site, y compris, mais sans s\u2019y limiter, les textes, images, logos, designs, graphiques et marques, est la propri\u00e9t\u00e9 exclusive de Maison Havilah et ne peut \u00eatre copi\u00e9, reproduit, distribu\u00e9 ou utilis\u00e9 sans autorisation \u00e9crite pr\u00e9alable.<\/p>\t\t\t\t\t\t\t\t\t<\/div>\n\t\t\t\t\t\t\t\t\t\t\t\t\t\t\t<\/div>\n\t\t\t\t\t\t<\/div>\n\t\t\t\t\t<\/div>\n\t\t\t\t<\/div>\n\t\t\t\t\t\t\t\t<div class=\"rtsb-faq-list-item\">\n\t\t\t\t\t<div class=\"rtsb-faq\">\n\t\t\t\t\t\t<div class=\"rtsb-faq-inner\">\n\t\t\t\t\t\t\t\t\t\t\t\t\t\t\t<span class=\"rtsb-faq-count\">09<\/span>\n\t\t\t\t\t\t\t\t\t\t\t\t\t\t<div class=\"rtsb-faq-content\">\n\t\t\t\t\t\t\t\t\t\t\t\t\t\t\t\t\t<h2 class=\"rtsb-faq-title rtsb-tag\">\n\t\t\t\t\t\t\t\t\tConduite des utilisateurs\t\t\t\t\t\t\t\t\t<\/h2>\n\t\t\t\t\t\t\t\t \n\t\t\t\t\t\t\t\t\t\t\t\t\t\t\t\t\t<div class=\"rtsb-faq-desc\">\n\t\t\t\t\t\t\t\t\t\t<p>Vous acceptez de ne pas :<\/p><p>\u00a0<\/p><ul data-spread=\"false\"><li><p>Utiliser le site \u00e0 des fins ill\u00e9gales<\/p><\/li><li><p>Tenter d\u2019acc\u00e9der au site ou \u00e0 ses syst\u00e8mes de mani\u00e8re non autoris\u00e9e<\/p><\/li><li><p>Perturber le fonctionnement ou la s\u00e9curit\u00e9 du site<\/p><\/li><li><p>T\u00e9l\u00e9charger ou transmettre des codes malveillants, des virus ou tout contenu nuisible<\/p><\/li><\/ul>\t\t\t\t\t\t\t\t\t<\/div>\n\t\t\t\t\t\t\t\t\t\t\t\t\t\t\t<\/div>\n\t\t\t\t\t\t<\/div>\n\t\t\t\t\t<\/div>\n\t\t\t\t<\/div>\n\t\t\t\t\t\t\t\t<div class=\"rtsb-faq-list-item\">\n\t\t\t\t\t<div class=\"rtsb-faq\">\n\t\t\t\t\t\t<div class=\"rtsb-faq-inner\">\n\t\t\t\t\t\t\t\t\t\t\t\t\t\t\t<span class=\"rtsb-faq-count\">10<\/span>\n\t\t\t\t\t\t\t\t\t\t\t\t\t\t<div class=\"rtsb-faq-content\">\n\t\t\t\t\t\t\t\t\t\t\t\t\t\t\t\t\t<h2 class=\"rtsb-faq-title rtsb-tag\">\n\t\t\t\t\t\t\t\t\tLimitation des responsabilit\u00e9s\t\t\t\t\t\t\t\t\t<\/h2>\n\t\t\t\t\t\t\t\t \n\t\t\t\t\t\t\t\t\t\t\t\t\t\t\t\t\t<div class=\"rtsb-faq-desc\">\n\t\t\t\t\t\t\t\t\t\t<p>Maison Havilah ne pourra \u00eatre tenue responsable des dommages directs, indirects, accessoires ou cons\u00e9quents r\u00e9sultant de l\u2019utilisation de notre site web ou de nos produits.<\/p>\t\t\t\t\t\t\t\t\t<\/div>\n\t\t\t\t\t\t\t\t\t\t\t\t\t\t\t<\/div>\n\t\t\t\t\t\t<\/div>\n\t\t\t\t\t<\/div>\n\t\t\t\t<\/div>\n\t\t\t\t\t\t\t\t<div class=\"rtsb-faq-list-item\">\n\t\t\t\t\t<div class=\"rtsb-faq\">\n\t\t\t\t\t\t<div class=\"rtsb-faq-inner\">\n\t\t\t\t\t\t\t\t\t\t\t\t\t\t\t<span class=\"rtsb-faq-count\">11<\/span>\n\t\t\t\t\t\t\t\t\t\t\t\t\t\t<div class=\"rtsb-faq-content\">\n\t\t\t\t\t\t\t\t\t\t\t\t\t\t\t\t\t<h2 class=\"rtsb-faq-title rtsb-tag\">\n\t\t\t\t\t\t\t\t\tIndemnisation\t\t\t\t\t\t\t\t\t<\/h2>\n\t\t\t\t\t\t\t\t \n\t\t\t\t\t\t\t\t\t\t\t\t\t\t\t\t\t<div class=\"rtsb-faq-desc\">\n\t\t\t\t\t\t\t\t\t\t<p>Vous acceptez d\u2019indemniser et de tenir \u00e0 l\u2019\u00e9cart Maison Havilah de toute r\u00e9clamation, dommage, perte ou d\u00e9pense r\u00e9sultant de votre violation de ces Conditions ou de votre mauvaise utilisation du site.<\/p>\t\t\t\t\t\t\t\t\t<\/div>\n\t\t\t\t\t\t\t\t\t\t\t\t\t\t\t<\/div>\n\t\t\t\t\t\t<\/div>\n\t\t\t\t\t<\/div>\n\t\t\t\t<\/div>\n\t\t\t\t\t\t\t\t<div class=\"rtsb-faq-list-item\">\n\t\t\t\t\t<div class=\"rtsb-faq\">\n\t\t\t\t\t\t<div class=\"rtsb-faq-inner\">\n\t\t\t\t\t\t\t\t\t\t\t\t\t\t\t<span class=\"rtsb-faq-count\">12<\/span>\n\t\t\t\t\t\t\t\t\t\t\t\t\t\t<div class=\"rtsb-faq-content\">\n\t\t\t\t\t\t\t\t\t\t\t\t\t\t\t\t\t<h2 class=\"rtsb-faq-title rtsb-tag\">\n\t\t\t\t\t\t\t\t\tConfidentialit\u00e9\t\t\t\t\t\t\t\t\t<\/h2>\n\t\t\t\t\t\t\t\t \n\t\t\t\t\t\t\t\t\t\t\t\t\t\t\t\t\t<div class=\"rtsb-faq-desc\">\n\t\t\t\t\t\t\t\t\t\t<p class=\"translation-block\">Votre utilisation du site est \u00e9galement r\u00e9gie par notre <a href=\"https:\/\/maisonhavilah.ca\/fr\/privacy-policy\/\" target=\"_self\"><strong>Politique de confidentialit\u00e9<\/strong><\/a>, qui explique comment nous collectons et utilisons vos informations personnelles.<\/p>\t\t\t\t\t\t\t\t\t<\/div>\n\t\t\t\t\t\t\t\t\t\t\t\t\t\t\t<\/div>\n\t\t\t\t\t\t<\/div>\n\t\t\t\t\t<\/div>\n\t\t\t\t<\/div>\n\t\t\t\t\t\t\t\t<div class=\"rtsb-faq-list-item\">\n\t\t\t\t\t<div class=\"rtsb-faq\">\n\t\t\t\t\t\t<div class=\"rtsb-faq-inner\">\n\t\t\t\t\t\t\t\t\t\t\t\t\t\t\t<span class=\"rtsb-faq-count\">13<\/span>\n\t\t\t\t\t\t\t\t\t\t\t\t\t\t<div class=\"rtsb-faq-content\">\n\t\t\t\t\t\t\t\t\t\t\t\t\t\t\t\t\t<h2 class=\"rtsb-faq-title rtsb-tag\">\n\t\t\t\t\t\t\t\t\tDroit applicable\t\t\t\t\t\t\t\t\t<\/h2>\n\t\t\t\t\t\t\t\t \n\t\t\t\t\t\t\t\t\t\t\t\t\t\t\t\t\t<div class=\"rtsb-faq-desc\">\n\t\t\t\t\t\t\t\t\t\t<p>Les pr\u00e9sentes conditions g\u00e9n\u00e9rales sont r\u00e9gies et interpr\u00e9t\u00e9es conform\u00e9ment aux lois en vigueur dans la juridiction o\u00f9 Maison Havilah exerce ses activit\u00e9s, sans tenir compte des principes de conflit de lois.<\/p>\t\t\t\t\t\t\t\t\t<\/div>\n\t\t\t\t\t\t\t\t\t\t\t\t\t\t\t<\/div>\n\t\t\t\t\t\t<\/div>\n\t\t\t\t\t<\/div>\n\t\t\t\t<\/div>\n\t\t\t\t\t\t\t\t<div class=\"rtsb-faq-list-item\">\n\t\t\t\t\t<div class=\"rtsb-faq\">\n\t\t\t\t\t\t<div class=\"rtsb-faq-inner\">\n\t\t\t\t\t\t\t\t\t\t\t\t\t\t\t<span class=\"rtsb-faq-count\">14<\/span>\n\t\t\t\t\t\t\t\t\t\t\t\t\t\t<div class=\"rtsb-faq-content\">\n\t\t\t\t\t\t\t\t\t\t\t\t\t\t\t\t\t<h2 class=\"rtsb-faq-title rtsb-tag\">\n\t\t\t\t\t\t\t\t\tModifications de ces conditions\t\t\t\t\t\t\t\t\t<\/h2>\n\t\t\t\t\t\t\t\t \n\t\t\t\t\t\t\t\t\t\t\t\t\t\t\t\t\t<div class=\"rtsb-faq-desc\">\n\t\t\t\t\t\t\t\t\t\t<p>Nous pouvons mettre \u00e0 jour cette politique de confidentialit\u00e9 de temps \u00e0 autre. Toute modification sera publi\u00e9e sur cette page avec une date d\u2019entr\u00e9e en vigueur mise \u00e0 jour. L\u2019utilisation continue du site constitue l\u2019acceptation de la politique r\u00e9vis\u00e9e.<\/p>\t\t\t\t\t\t\t\t\t<\/div>\n\t\t\t\t\t\t\t\t\t\t\t\t\t\t\t<\/div>\n\t\t\t\t\t\t<\/div>\n\t\t\t\t\t<\/div>\n\t\t\t\t<\/div>\n\t\t\t\t\t\t\t\t<div class=\"rtsb-faq-list-item\">\n\t\t\t\t\t<div class=\"rtsb-faq\">\n\t\t\t\t\t\t<div class=\"rtsb-faq-inner\">\n\t\t\t\t\t\t\t\t\t\t\t\t\t\t\t<span class=\"rtsb-faq-count\">15<\/span>\n\t\t\t\t\t\t\t\t\t\t\t\t\t\t<div class=\"rtsb-faq-content\">\n\t\t\t\t\t\t\t\t\t\t\t\t\t\t\t\t\t<h2 class=\"rtsb-faq-title rtsb-tag\">\n\t\t\t\t\t\t\t\t\tInformations de contact\t\t\t\t\t\t\t\t\t<\/h2>\n\t\t\t\t\t\t\t\t \n\t\t\t\t\t\t\t\t\t\t\t\t\t\t\t\t\t<div class=\"rtsb-faq-desc\">\n\t\t\t\t\t\t\t\t\t\t<p>Si vous avez des questions concernant ces conditions g\u00e9n\u00e9rales, veuillez nous contacter \u00e0 :<\/p><p><br \/>Adresse e-mail <strong>contact@maisonhavilah.ca<\/strong><br \/>Site Web : <a><strong>www.maisonhavilah.ca<\/strong><\/a><\/p>\t\t\t\t\t\t\t\t\t<\/div>\n\t\t\t\t\t\t\t\t\t\t\t\t\t\t\t<\/div>\n\t\t\t\t\t\t<\/div>\n\t\t\t\t\t<\/div>\n\t\t\t\t<\/div>\n\t\t\t\t\t<\/div>\n<\/div>\n<\/div><!-- .rtsb-col-grid --><\/div><!-- .rtsb-row --><\/div><!-- .rtsb-container -->\t\t\t\t<\/div>\n\t\t\t\t<\/div>\n\t\t\t\t<\/div>\n\t\t\t\t\t<\/div>\n\t\t\t\t<\/div>\n\t\t<div class=\"elementor-element elementor-element-2f1be4e e-flex e-con-boxed e-con e-parent\" data-id=\"2f1be4e\" data-element_type=\"container\" data-e-type=\"container\" data-settings=\"{&quot;background_background&quot;:&quot;classic&quot;}\">\n\t\t\t\t\t<div class=\"e-con-inner\">\n\t\t<div class=\"elementor-element elementor-element-98d7d19 e-con-full e-flex e-con e-child\" data-id=\"98d7d19\" data-element_type=\"container\" data-e-type=\"container\">\n\t\t\t\t<div class=\"elementor-element elementor-element-0cbc977 elementor-widget elementor-widget-heading\" data-id=\"0cbc977\" data-element_type=\"widget\" data-e-type=\"widget\" data-widget_type=\"heading.default\">\n\t\t\t\t<div class=\"elementor-widget-container\">\n\t\t\t\t\t<h6 class=\"elementor-heading-title elementor-size-default\">Explorez<\/h6>\t\t\t\t<\/div>\n\t\t\t\t<\/div>\n\t\t\t\t<div class=\"elementor-element elementor-element-2915af7 elementor-widget elementor-widget-image-box\" data-id=\"2915af7\" data-element_type=\"widget\" data-e-type=\"widget\" data-widget_type=\"image-box.default\">\n\t\t\t\t<div class=\"elementor-widget-container\">\n\t\t\t\t\t<div class=\"elementor-image-box-wrapper\"><div class=\"elementor-image-box-content\"><h2 class=\"elementor-image-box-title\">Rehaussez votre garde-robe, adoptez un style intemporel !<\/h2><p class=\"elementor-image-box-description\">Explorez nos collections d\u00e8s aujourd'hui et d\u00e9couvrez les joies de la mode. Magasinez d\u00e8s maintenant pour d\u00e9couvrir l'incarnation de la sophistication chic !<\/p><\/div><\/div>\t\t\t\t<\/div>\n\t\t\t\t<\/div>\n\t\t\t\t<div class=\"elementor-element elementor-element-d75bf1e elementor-widget elementor-widget-button\" data-id=\"d75bf1e\" data-element_type=\"widget\" data-e-type=\"widget\" data-widget_type=\"button.default\">\n\t\t\t\t<div class=\"elementor-widget-container\">\n\t\t\t\t\t\t\t\t\t<div class=\"elementor-button-wrapper\">\n\t\t\t\t\t<a class=\"elementor-button elementor-button-link elementor-size-sm\" href=\"https:\/\/maisonhavilah.ca\/fr\/shop\/\">\n\t\t\t\t\t\t<span class=\"elementor-button-content-wrapper\">\n\t\t\t\t\t\t\t\t\t<span class=\"elementor-button-text\">Boutique<\/span>\n\t\t\t\t\t<\/span>\n\t\t\t\t\t<\/a>\n\t\t\t\t<\/div>\n\t\t\t\t\t\t\t\t<\/div>\n\t\t\t\t<\/div>\n\t\t\t\t<\/div>\n\t\t\t\t\t<\/div>\n\t\t\t\t<\/div>\n\t\t<div class=\"elementor-element elementor-element-c032c69 e-flex e-con-boxed e-con e-parent\" data-id=\"c032c69\" data-element_type=\"container\" data-e-type=\"container\">\n\t\t\t\t\t<div class=\"e-con-inner\">\n\t\t\t\t\t<\/div>\n\t\t\t\t<\/div>\n\t\t\t\t<\/div>","protected":false},"excerpt":{"rendered":"<p>Terms &amp; Conditions These Terms &amp; Conditions govern your use of the Maison Havilah website and services. Our Policy Welcome [&hellip;]<\/p>\n","protected":false},"author":1,"featured_media":0,"parent":0,"menu_order":3,"comment_status":"closed","ping_status":"closed","template":"","meta":{"site-sidebar-layout":"no-sidebar","site-content-layout":"","ast-site-content-layout":"full-width-container","site-content-style":"default","site-sidebar-style":"default","ast-global-header-display":"","ast-banner-title-visibility":"","ast-main-header-display":"","ast-hfb-above-header-display":"","ast-hfb-below-header-display":"","ast-hfb-mobile-header-display":"","site-post-title":"disabled","ast-breadcrumbs-content":"","ast-featured-img":"disabled","footer-sml-layout":"","ast-disable-related-posts":"","theme-transparent-header-meta":"enabled","adv-header-id-meta":"","stick-header-meta":"","header-above-stick-meta":"","header-main-stick-meta":"","header-below-stick-meta":"","astra-migrate-meta-layouts":"default","ast-page-background-enabled":"default","ast-page-background-meta":{"desktop":{"background-color":"var(--ast-global-color-4)","background-image":"","background-repeat":"repeat","background-position":"center center","background-size":"auto","background-attachment":"scroll","background-type":"","background-media":"","overlay-type":"","overlay-color":"","overlay-opacity":"","overlay-gradient":""},"tablet":{"background-color":"","background-image":"","background-repeat":"repeat","background-position":"center center","background-size":"auto","background-attachment":"scroll","background-type":"","background-media":"","overlay-type":"","overlay-color":"","overlay-opacity":"","overlay-gradient":""},"mobile":{"background-color":"","background-image":"","background-repeat":"repeat","background-position":"center center","background-size":"auto","background-attachment":"scroll","background-type":"","background-media":"","overlay-type":"","overlay-color":"","overlay-opacity":"","overlay-gradient":""}},"ast-content-background-meta":{"desktop":{"background-color":"var(--ast-global-color-5)","background-image":"","background-repeat":"repeat","background-position":"center center","background-size":"auto","background-attachment":"scroll","background-type":"","background-media":"","overlay-type":"","overlay-color":"","overlay-opacity":"","overlay-gradient":""},"tablet":{"background-color":"var(--ast-global-color-5)","background-image":"","background-repeat":"repeat","background-position":"center center","background-size":"auto","background-attachment":"scroll","background-type":"","background-media":"","overlay-type":"","overlay-color":"","overlay-opacity":"","overlay-gradient":""},"mobile":{"background-color":"var(--ast-global-color-5)","background-image":"","background-repeat":"repeat","background-position":"center center","background-size":"auto","background-attachment":"scroll","background-type":"","background-media":"","overlay-type":"","overlay-color":"","overlay-opacity":"","overlay-gradient":""}},"footnotes":""},"class_list":["post-16369","page","type-page","status-publish","hentry"],"_links":{"self":[{"href":"https:\/\/maisonhavilah.ca\/fr\/wp-json\/wp\/v2\/pages\/16369","targetHints":{"allow":["GET"]}}],"collection":[{"href":"https:\/\/maisonhavilah.ca\/fr\/wp-json\/wp\/v2\/pages"}],"about":[{"href":"https:\/\/maisonhavilah.ca\/fr\/wp-json\/wp\/v2\/types\/page"}],"author":[{"embeddable":true,"href":"https:\/\/maisonhavilah.ca\/fr\/wp-json\/wp\/v2\/users\/1"}],"replies":[{"embeddable":true,"href":"https:\/\/maisonhavilah.ca\/fr\/wp-json\/wp\/v2\/comments?post=16369"}],"version-history":[{"count":16,"href":"https:\/\/maisonhavilah.ca\/fr\/wp-json\/wp\/v2\/pages\/16369\/revisions"}],"predecessor-version":[{"id":16626,"href":"https:\/\/maisonhavilah.ca\/fr\/wp-json\/wp\/v2\/pages\/16369\/revisions\/16626"}],"wp:attachment":[{"href":"https:\/\/maisonhavilah.ca\/fr\/wp-json\/wp\/v2\/media?parent=16369"}],"curies":[{"name":"wp","href":"https:\/\/api.w.org\/{rel}","templated":true}]}}