{"id":16359,"date":"2025-12-18T20:05:49","date_gmt":"2025-12-19T01:05:49","guid":{"rendered":"https:\/\/maisonhavilah.ca\/?page_id=16359"},"modified":"2025-12-21T13:47:11","modified_gmt":"2025-12-21T18:47:11","slug":"privacy-policy","status":"publish","type":"page","link":"https:\/\/maisonhavilah.ca\/fr\/privacy-policy\/","title":{"rendered":"Politique de confidentialit\u00e9"},"content":{"rendered":"<div data-elementor-type=\"wp-page\" data-elementor-id=\"16359\" class=\"elementor elementor-16359\" data-elementor-post-type=\"page\">\n\t\t\t\t<div class=\"elementor-element elementor-element-576916f e-flex e-con-boxed e-con e-parent\" data-id=\"576916f\" data-element_type=\"container\" data-e-type=\"container\" data-settings=\"{&quot;background_background&quot;:&quot;classic&quot;}\">\n\t\t\t\t\t<div class=\"e-con-inner\">\n\t\t<div class=\"elementor-element elementor-element-9dbd73e e-con-full e-flex e-con e-child\" data-id=\"9dbd73e\" data-element_type=\"container\" data-e-type=\"container\">\n\t\t\t\t<div class=\"elementor-element elementor-element-b4ad8cf elementor-widget elementor-widget-heading\" data-id=\"b4ad8cf\" data-element_type=\"widget\" data-e-type=\"widget\" data-widget_type=\"heading.default\">\n\t\t\t\t<div class=\"elementor-widget-container\">\n\t\t\t\t\t<h1 class=\"elementor-heading-title elementor-size-default\">Politique de confidentialit\u00e9<\/h1>\t\t\t\t<\/div>\n\t\t\t\t<\/div>\n\t\t\t\t<\/div>\n\t\t\t\t\t<\/div>\n\t\t\t\t<\/div>\n\t\t<div class=\"elementor-element elementor-element-5898f86 e-flex e-con-boxed e-con e-parent\" data-id=\"5898f86\" data-element_type=\"container\" data-e-type=\"container\">\n\t\t\t\t\t<div class=\"e-con-inner\">\n\t\t<div class=\"elementor-element elementor-element-a471c7a e-con-full e-flex e-con e-child\" data-id=\"a471c7a\" data-element_type=\"container\" data-e-type=\"container\">\n\t\t\t\t<div class=\"elementor-element elementor-element-602b490 elementor-widget elementor-widget-heading\" data-id=\"602b490\" data-element_type=\"widget\" data-e-type=\"widget\" data-widget_type=\"heading.default\">\n\t\t\t\t<div class=\"elementor-widget-container\">\n\t\t\t\t\t<h2 class=\"elementor-heading-title elementor-size-default\">Maison Havilah s\u2019engage \u00e0 prot\u00e9ger vos informations personnelles. <\/h2>\t\t\t\t<\/div>\n\t\t\t\t<\/div>\n\t\t\t\t<\/div>\n\t\t<div class=\"elementor-element elementor-element-3f51f8d e-con-full e-flex e-con e-child\" data-id=\"3f51f8d\" data-element_type=\"container\" data-e-type=\"container\">\n\t\t\t\t<div class=\"elementor-element elementor-element-310a9d8 elementor-widget elementor-widget-heading\" data-id=\"310a9d8\" data-element_type=\"widget\" data-e-type=\"widget\" data-widget_type=\"heading.default\">\n\t\t\t\t<div class=\"elementor-widget-container\">\n\t\t\t\t\t<h6 class=\"elementor-heading-title elementor-size-default\">Notre politique<\/h6>\t\t\t\t<\/div>\n\t\t\t\t<\/div>\n\t\t\t\t<div class=\"elementor-element elementor-element-44bc7b6 elementor-widget elementor-widget-hfe-infocard\" data-id=\"44bc7b6\" data-element_type=\"widget\" data-e-type=\"widget\" data-widget_type=\"hfe-infocard.default\">\n\t\t\t\t<div class=\"elementor-widget-container\">\n\t\t\t\t\t\n\t\t<div class=\"hfe-infocard\">\n\t\t\t\t\t\t\t\t\t<div class=\"hfe-infocard-text-wrap\">\n\t\t\t\t<div class=\"hfe-infocard-text elementor-inline-editing\" data-elementor-setting-key=\"infocard_description\" data-elementor-inline-editing-toolbar=\"advanced\">\n\t\t\t\t\t, Nous nous engageons \u00e0 prot\u00e9ger votre vie priv\u00e9e. Cette politique de confidentialit\u00e9 explique comment nous recueillons, utilisons et prot\u00e9geons vos informations personnelles lorsque vous visitez notre site ou effectuez un achat chez nous.\n\n\n\t\t\t\t<\/div>\n\t\t\t\t\t\t\t<\/div>\n\t\t<\/div>\n\n\t\t\t\t\t\t<\/div>\n\t\t\t\t<\/div>\n\t\t\t\t<div class=\"elementor-element elementor-element-16c513d elementor-widget elementor-widget-hfe-infocard\" data-id=\"16c513d\" data-element_type=\"widget\" data-e-type=\"widget\" data-widget_type=\"hfe-infocard.default\">\n\t\t\t\t<div class=\"elementor-widget-container\">\n\t\t\t\t\t\n\t\t<div class=\"hfe-infocard\">\n\t\t\t\t\t\t\t\t\t<div class=\"hfe-infocard-text-wrap\">\n\t\t\t\t<div class=\"hfe-infocard-text elementor-inline-editing\" data-elementor-setting-key=\"infocard_description\" data-elementor-inline-editing-toolbar=\"advanced\">\n\t\t\t\t\tEn utilisant notre site web, vous consentez aux pratiques d\u00e9crites dans cette politique.\n\n\t\t\t\t<\/div>\n\t\t\t\t\t\t\t<\/div>\n\t\t<\/div>\n\n\t\t\t\t\t\t<\/div>\n\t\t\t\t<\/div>\n\t\t\t\t<\/div>\n\t\t<div class=\"elementor-element elementor-element-e92d08f e-con-full e-flex e-con e-child\" data-id=\"e92d08f\" data-element_type=\"container\" data-e-type=\"container\">\n\t\t\t\t<div class=\"elementor-element elementor-element-f4d1ee3 elementor-widget elementor-widget-rtsb-shopbuilder-faq\" data-id=\"f4d1ee3\" data-element_type=\"widget\" data-e-type=\"widget\" data-widget_type=\"rtsb-shopbuilder-faq.default\">\n\t\t\t\t<div class=\"elementor-widget-container\">\n\t\t\t\t\t<div id=\"rtsb-container-f4d1ee3\" class=\"rtsb-elementor-container rtsb-pos-r rtsb-shopbuilder-faq\" data-layout=\"rtsb-sb-faq-layout3\"><div class=\"rtsb-row rtsb-content-loader rtsb-sb-faq-layout3\"><div class=\"rtsb-col-grid\"><div class=\"rtsb-faq-wrapper\">\n\t<div class=\"rtsb-faq-list\">\n\t\t\t\t\t\t<div class=\"rtsb-faq-list-item\">\n\t\t\t\t\t<div class=\"rtsb-faq\">\n\t\t\t\t\t\t<div class=\"rtsb-faq-inner\">\n\t\t\t\t\t\t\t\t\t\t\t\t\t\t\t<span class=\"rtsb-faq-count\">01<\/span>\n\t\t\t\t\t\t\t\t\t\t\t\t\t\t<div class=\"rtsb-faq-content\">\n\t\t\t\t\t\t\t\t\t\t\t\t\t\t\t\t\t<h2 class=\"rtsb-faq-title rtsb-tag\">\n\t\t\t\t\t\t\t\t\tInformations que nous collectons\t\t\t\t\t\t\t\t\t<\/h2>\n\t\t\t\t\t\t\t\t \n\t\t\t\t\t\t\t\t\t\t\t\t\t\t\t\t\t<div class=\"rtsb-faq-desc\">\n\t\t\t\t\t\t\t\t\t\t<p>Nous recueillons les types d\u2019informations personnelles suivants lorsque vous interagissez avec notre site web :<\/p><p>\u00a0<\/p><h5>Informations personnelles<\/h5><ul data-spread=\"false\"><li><ul><li><p>Nom complet<\/p><\/li><li><p>Adresse e-mail<\/p><\/li><li><p>Num\u00e9ro de t\u00e9l\u00e9phone<\/p><\/li><li><p>Adresse de facturation et de livraison<\/p><\/li><li><p>D\u00e9tails de paiement (trait\u00e9s en toute s\u00e9curit\u00e9 par des prestataires de paiement tiers ; nous ne stockons pas les informations de carte)<\/p><\/li><li><p>Identifiants de connexion<\/p><\/li><li>\u00a0<\/li><\/ul><\/li><li><h5>Informations collect\u00e9es automatiquement<\/h5><ul data-spread=\"false\"><li><p>Adresse IP<\/p><\/li><li><p>Type et version de navigateur<\/p><\/li><li><p>Informations sur l\u2019appareil<\/p><\/li><li><p>Pages visit\u00e9es et temps pass\u00e9 sur le site<\/p><\/li><li><p>Cookies et technologies de suivi similaires<\/p><\/li><\/ul><\/li><\/ul>\t\t\t\t\t\t\t\t\t<\/div>\n\t\t\t\t\t\t\t\t\t\t\t\t\t\t\t<\/div>\n\t\t\t\t\t\t<\/div>\n\t\t\t\t\t<\/div>\n\t\t\t\t<\/div>\n\t\t\t\t\t\t\t\t<div class=\"rtsb-faq-list-item\">\n\t\t\t\t\t<div class=\"rtsb-faq\">\n\t\t\t\t\t\t<div class=\"rtsb-faq-inner\">\n\t\t\t\t\t\t\t\t\t\t\t\t\t\t\t<span class=\"rtsb-faq-count\">02<\/span>\n\t\t\t\t\t\t\t\t\t\t\t\t\t\t<div class=\"rtsb-faq-content\">\n\t\t\t\t\t\t\t\t\t\t\t\t\t\t\t\t\t<h2 class=\"rtsb-faq-title rtsb-tag\">\n\t\t\t\t\t\t\t\t\tComment nous utilisons vos informations\t\t\t\t\t\t\t\t\t<\/h2>\n\t\t\t\t\t\t\t\t \n\t\t\t\t\t\t\t\t\t\t\t\t\t\t\t\t\t<div class=\"rtsb-faq-desc\">\n\t\t\t\t\t\t\t\t\t\t<p>Nous utilisons vos informations pour :<\/p><p>\u00a0<\/p><ul data-spread=\"false\"><li><p>Traiter et ex\u00e9cuter vos commandes<\/p><\/li><li><p>Communiquer avec vous au sujet de vos achats<\/p><\/li><li><p>Fournir un support client<\/p><\/li><li><p>Am\u00e9liorer nos produits, services et l\u2019exp\u00e9rience sur notre site<\/p><\/li><li><p>Envoyer des communications marketing (uniquement avec votre consentement)<\/p><\/li><li><p>D\u00e9tecter et pr\u00e9venir la fraude ou les transactions non autoris\u00e9es<\/p><\/li><li><p>Respecter les obligations l\u00e9gales<\/p><\/li><\/ul>\t\t\t\t\t\t\t\t\t<\/div>\n\t\t\t\t\t\t\t\t\t\t\t\t\t\t\t<\/div>\n\t\t\t\t\t\t<\/div>\n\t\t\t\t\t<\/div>\n\t\t\t\t<\/div>\n\t\t\t\t\t\t\t\t<div class=\"rtsb-faq-list-item\">\n\t\t\t\t\t<div class=\"rtsb-faq\">\n\t\t\t\t\t\t<div class=\"rtsb-faq-inner\">\n\t\t\t\t\t\t\t\t\t\t\t\t\t\t\t<span class=\"rtsb-faq-count\">03<\/span>\n\t\t\t\t\t\t\t\t\t\t\t\t\t\t<div class=\"rtsb-faq-content\">\n\t\t\t\t\t\t\t\t\t\t\t\t\t\t\t\t\t<h2 class=\"rtsb-faq-title rtsb-tag\">\n\t\t\t\t\t\t\t\t\tCookies et technologies de suivi similaires\t\t\t\t\t\t\t\t\t<\/h2>\n\t\t\t\t\t\t\t\t \n\t\t\t\t\t\t\t\t\t\t\t\t\t\t\t\t\t<div class=\"rtsb-faq-desc\">\n\t\t\t\t\t\t\t\t\t\t<p>Nous utilisons des cookies pour am\u00e9liorer votre exp\u00e9rience de navigation, analyser le trafic du site et assurer le bon fonctionnement essentiel du site. Vous pouvez contr\u00f4ler ou d\u00e9sactiver les cookies via les param\u00e8tres de votre navigateur ; toutefois, certaines fonctionnalit\u00e9s du site pourraient ne pas fonctionner correctement sans eux.<\/p>\t\t\t\t\t\t\t\t\t<\/div>\n\t\t\t\t\t\t\t\t\t\t\t\t\t\t\t<\/div>\n\t\t\t\t\t\t<\/div>\n\t\t\t\t\t<\/div>\n\t\t\t\t<\/div>\n\t\t\t\t\t\t\t\t<div class=\"rtsb-faq-list-item\">\n\t\t\t\t\t<div class=\"rtsb-faq\">\n\t\t\t\t\t\t<div class=\"rtsb-faq-inner\">\n\t\t\t\t\t\t\t\t\t\t\t\t\t\t\t<span class=\"rtsb-faq-count\">04<\/span>\n\t\t\t\t\t\t\t\t\t\t\t\t\t\t<div class=\"rtsb-faq-content\">\n\t\t\t\t\t\t\t\t\t\t\t\t\t\t\t\t\t<h2 class=\"rtsb-faq-title rtsb-tag\">\n\t\t\t\t\t\t\t\t\tPartage de vos informations\t\t\t\t\t\t\t\t\t<\/h2>\n\t\t\t\t\t\t\t\t \n\t\t\t\t\t\t\t\t\t\t\t\t\t\t\t\t\t<div class=\"rtsb-faq-desc\">\n\t\t\t\t\t\t\t\t\t\t<p>Nous pouvons partager vos informations personnelles avec :<\/p><ul data-spread=\"false\"><li><p><strong>Prestataires de services<\/strong> (par exemple, prestataires de paiement, partenaires de livraison, h\u00e9bergeurs du site)<\/p><\/li><li><p><strong>Plateformes marketing<\/strong> (uniquement si vous y avez consenti)<\/p><\/li><li><p class=\"translation-block\"><strong>Autorit\u00e9s l\u00e9gales ou r\u00e9glementaires<\/strong> lorsque la loi l\u2019exige<\/p><\/li><\/ul><p>\u00a0<\/p><p class=\"translation-block\">Nous ne <strong>vendons<\/strong> ni ne louons vos informations personnelles \u00e0 des tiers.<\/p>\t\t\t\t\t\t\t\t\t<\/div>\n\t\t\t\t\t\t\t\t\t\t\t\t\t\t\t<\/div>\n\t\t\t\t\t\t<\/div>\n\t\t\t\t\t<\/div>\n\t\t\t\t<\/div>\n\t\t\t\t\t\t\t\t<div class=\"rtsb-faq-list-item\">\n\t\t\t\t\t<div class=\"rtsb-faq\">\n\t\t\t\t\t\t<div class=\"rtsb-faq-inner\">\n\t\t\t\t\t\t\t\t\t\t\t\t\t\t\t<span class=\"rtsb-faq-count\">05<\/span>\n\t\t\t\t\t\t\t\t\t\t\t\t\t\t<div class=\"rtsb-faq-content\">\n\t\t\t\t\t\t\t\t\t\t\t\t\t\t\t\t\t<h2 class=\"rtsb-faq-title rtsb-tag\">\n\t\t\t\t\t\t\t\t\tTransferts internationaux de donn\u00e9es\t\t\t\t\t\t\t\t\t<\/h2>\n\t\t\t\t\t\t\t\t \n\t\t\t\t\t\t\t\t\t\t\t\t\t\t\t\t\t<div class=\"rtsb-faq-desc\">\n\t\t\t\t\t\t\t\t\t\t<p>Vos informations peuvent \u00eatre transf\u00e9r\u00e9es et trait\u00e9es dans des pays en dehors de votre pays de r\u00e9sidence. Nous veillons \u00e0 ce que ces transferts soient prot\u00e9g\u00e9s par des mesures de s\u00e9curit\u00e9 appropri\u00e9es, conform\u00e9ment aux lois applicables en mati\u00e8re de protection des donn\u00e9es.<\/p>\t\t\t\t\t\t\t\t\t<\/div>\n\t\t\t\t\t\t\t\t\t\t\t\t\t\t\t<\/div>\n\t\t\t\t\t\t<\/div>\n\t\t\t\t\t<\/div>\n\t\t\t\t<\/div>\n\t\t\t\t\t\t\t\t<div class=\"rtsb-faq-list-item\">\n\t\t\t\t\t<div class=\"rtsb-faq\">\n\t\t\t\t\t\t<div class=\"rtsb-faq-inner\">\n\t\t\t\t\t\t\t\t\t\t\t\t\t\t\t<span class=\"rtsb-faq-count\">06<\/span>\n\t\t\t\t\t\t\t\t\t\t\t\t\t\t<div class=\"rtsb-faq-content\">\n\t\t\t\t\t\t\t\t\t\t\t\t\t\t\t\t\t<h2 class=\"rtsb-faq-title rtsb-tag\">\n\t\t\t\t\t\t\t\t\tConservation des donn\u00e9es\t\t\t\t\t\t\t\t\t<\/h2>\n\t\t\t\t\t\t\t\t \n\t\t\t\t\t\t\t\t\t\t\t\t\t\t\t\t\t<div class=\"rtsb-faq-desc\">\n\t\t\t\t\t\t\t\t\t\t<p>Nous conservons vos informations personnelles uniquement pendant la dur\u00e9e n\u00e9cessaire pour atteindre les finalit\u00e9s d\u00e9crites dans cette politique de confidentialit\u00e9, respecter nos obligations l\u00e9gales, r\u00e9soudre les litiges et faire respecter nos accords.<\/p>\t\t\t\t\t\t\t\t\t<\/div>\n\t\t\t\t\t\t\t\t\t\t\t\t\t\t\t<\/div>\n\t\t\t\t\t\t<\/div>\n\t\t\t\t\t<\/div>\n\t\t\t\t<\/div>\n\t\t\t\t\t\t\t\t<div class=\"rtsb-faq-list-item\">\n\t\t\t\t\t<div class=\"rtsb-faq\">\n\t\t\t\t\t\t<div class=\"rtsb-faq-inner\">\n\t\t\t\t\t\t\t\t\t\t\t\t\t\t\t<span class=\"rtsb-faq-count\">07<\/span>\n\t\t\t\t\t\t\t\t\t\t\t\t\t\t<div class=\"rtsb-faq-content\">\n\t\t\t\t\t\t\t\t\t\t\t\t\t\t\t\t\t<h2 class=\"rtsb-faq-title rtsb-tag\">\n\t\t\t\t\t\t\t\t\tVos droits\t\t\t\t\t\t\t\t\t<\/h2>\n\t\t\t\t\t\t\t\t \n\t\t\t\t\t\t\t\t\t\t\t\t\t\t\t\t\t<div class=\"rtsb-faq-desc\">\n\t\t\t\t\t\t\t\t\t\t<p>Selon votre localisation, vous pouvez avoir le droit de :<\/p><ul data-spread=\"false\"><li><p>Acc\u00e9der aux informations personnelles que nous d\u00e9tenons \u00e0 votre sujet<\/p><\/li><li><p>Demander la correction ou la mise \u00e0 jour de vos informations<\/p><\/li><li><p>Demander la suppression de vos informations personnelles<\/p><\/li><li><p>Vous opposer au traitement de vos donn\u00e9es ou en en limiter l\u2019utilisation<\/p><\/li><li><p>Retirer votre consentement \u00e0 tout moment<\/p><\/li><li><p>D\u00e9poser une plainte aupr\u00e8s d\u2019une autorit\u00e9 de protection des donn\u00e9es<\/p><\/li><\/ul><p>\u00a0<\/p><p>Pour exercer l\u2019un de ces droits, veuillez nous contacter en utilisant les coordonn\u00e9es ci-dessous.<\/p>\t\t\t\t\t\t\t\t\t<\/div>\n\t\t\t\t\t\t\t\t\t\t\t\t\t\t\t<\/div>\n\t\t\t\t\t\t<\/div>\n\t\t\t\t\t<\/div>\n\t\t\t\t<\/div>\n\t\t\t\t\t\t\t\t<div class=\"rtsb-faq-list-item\">\n\t\t\t\t\t<div class=\"rtsb-faq\">\n\t\t\t\t\t\t<div class=\"rtsb-faq-inner\">\n\t\t\t\t\t\t\t\t\t\t\t\t\t\t\t<span class=\"rtsb-faq-count\">08<\/span>\n\t\t\t\t\t\t\t\t\t\t\t\t\t\t<div class=\"rtsb-faq-content\">\n\t\t\t\t\t\t\t\t\t\t\t\t\t\t\t\t\t<h2 class=\"rtsb-faq-title rtsb-tag\">\n\t\t\t\t\t\t\t\t\tS\u00e9curit\u00e9 de vos informations\t\t\t\t\t\t\t\t\t<\/h2>\n\t\t\t\t\t\t\t\t \n\t\t\t\t\t\t\t\t\t\t\t\t\t\t\t\t\t<div class=\"rtsb-faq-desc\">\n\t\t\t\t\t\t\t\t\t\t<p>Nous mettons en \u0153uvre des mesures techniques et organisationnelles appropri\u00e9es pour prot\u00e9ger vos informations personnelles contre tout acc\u00e8s non autoris\u00e9, perte, mauvaise utilisation ou alt\u00e9ration. Cependant, aucun syst\u00e8me de transmission ou de stockage en ligne n\u2019est totalement s\u00e9curis\u00e9.<\/p>\t\t\t\t\t\t\t\t\t<\/div>\n\t\t\t\t\t\t\t\t\t\t\t\t\t\t\t<\/div>\n\t\t\t\t\t\t<\/div>\n\t\t\t\t\t<\/div>\n\t\t\t\t<\/div>\n\t\t\t\t\t\t\t\t<div class=\"rtsb-faq-list-item\">\n\t\t\t\t\t<div class=\"rtsb-faq\">\n\t\t\t\t\t\t<div class=\"rtsb-faq-inner\">\n\t\t\t\t\t\t\t\t\t\t\t\t\t\t\t<span class=\"rtsb-faq-count\">09<\/span>\n\t\t\t\t\t\t\t\t\t\t\t\t\t\t<div class=\"rtsb-faq-content\">\n\t\t\t\t\t\t\t\t\t\t\t\t\t\t\t\t\t<h2 class=\"rtsb-faq-title rtsb-tag\">\n\t\t\t\t\t\t\t\t\tLiens vers des sites tiers\t\t\t\t\t\t\t\t\t<\/h2>\n\t\t\t\t\t\t\t\t \n\t\t\t\t\t\t\t\t\t\t\t\t\t\t\t\t\t<div class=\"rtsb-faq-desc\">\n\t\t\t\t\t\t\t\t\t\t<p>Notre site peut contenir des liens vers des sites web tiers. Nous ne sommes pas responsables de leurs pratiques en mati\u00e8re de confidentialit\u00e9. Veuillez consulter leurs politiques avant de partager des informations personnelles.<\/p>\t\t\t\t\t\t\t\t\t<\/div>\n\t\t\t\t\t\t\t\t\t\t\t\t\t\t\t<\/div>\n\t\t\t\t\t\t<\/div>\n\t\t\t\t\t<\/div>\n\t\t\t\t<\/div>\n\t\t\t\t\t\t\t\t<div class=\"rtsb-faq-list-item\">\n\t\t\t\t\t<div class=\"rtsb-faq\">\n\t\t\t\t\t\t<div class=\"rtsb-faq-inner\">\n\t\t\t\t\t\t\t\t\t\t\t\t\t\t\t<span class=\"rtsb-faq-count\">10<\/span>\n\t\t\t\t\t\t\t\t\t\t\t\t\t\t<div class=\"rtsb-faq-content\">\n\t\t\t\t\t\t\t\t\t\t\t\t\t\t\t\t\t<h2 class=\"rtsb-faq-title rtsb-tag\">\n\t\t\t\t\t\t\t\t\tProtection de la vie priv\u00e9e des enfants\t\t\t\t\t\t\t\t\t<\/h2>\n\t\t\t\t\t\t\t\t \n\t\t\t\t\t\t\t\t\t\t\t\t\t\t\t\t\t<div class=\"rtsb-faq-desc\">\n\t\t\t\t\t\t\t\t\t\t<p>Notre site Web n\u2019est pas destin\u00e9 aux personnes de moins de 18 ans. Nous ne collectons pas sciemment d\u2019informations personnelles aupr\u00e8s des mineurs.<\/p>\t\t\t\t\t\t\t\t\t<\/div>\n\t\t\t\t\t\t\t\t\t\t\t\t\t\t\t<\/div>\n\t\t\t\t\t\t<\/div>\n\t\t\t\t\t<\/div>\n\t\t\t\t<\/div>\n\t\t\t\t\t\t\t\t<div class=\"rtsb-faq-list-item\">\n\t\t\t\t\t<div class=\"rtsb-faq\">\n\t\t\t\t\t\t<div class=\"rtsb-faq-inner\">\n\t\t\t\t\t\t\t\t\t\t\t\t\t\t\t<span class=\"rtsb-faq-count\">11<\/span>\n\t\t\t\t\t\t\t\t\t\t\t\t\t\t<div class=\"rtsb-faq-content\">\n\t\t\t\t\t\t\t\t\t\t\t\t\t\t\t\t\t<h2 class=\"rtsb-faq-title rtsb-tag\">\n\t\t\t\t\t\t\t\t\tModifications de cette politique de confidentialit\u00e9\t\t\t\t\t\t\t\t\t<\/h2>\n\t\t\t\t\t\t\t\t \n\t\t\t\t\t\t\t\t\t\t\t\t\t\t\t\t\t<div class=\"rtsb-faq-desc\">\n\t\t\t\t\t\t\t\t\t\t<p>Nous pouvons mettre \u00e0 jour cette politique de confidentialit\u00e9 de temps \u00e0 autre. Toute modification sera publi\u00e9e sur cette page avec une date d\u2019entr\u00e9e en vigueur mise \u00e0 jour. L\u2019utilisation continue du site constitue l\u2019acceptation de la politique r\u00e9vis\u00e9e.<\/p>\t\t\t\t\t\t\t\t\t<\/div>\n\t\t\t\t\t\t\t\t\t\t\t\t\t\t\t<\/div>\n\t\t\t\t\t\t<\/div>\n\t\t\t\t\t<\/div>\n\t\t\t\t<\/div>\n\t\t\t\t\t\t\t\t<div class=\"rtsb-faq-list-item\">\n\t\t\t\t\t<div class=\"rtsb-faq\">\n\t\t\t\t\t\t<div class=\"rtsb-faq-inner\">\n\t\t\t\t\t\t\t\t\t\t\t\t\t\t\t<span class=\"rtsb-faq-count\">12<\/span>\n\t\t\t\t\t\t\t\t\t\t\t\t\t\t<div class=\"rtsb-faq-content\">\n\t\t\t\t\t\t\t\t\t\t\t\t\t\t\t\t\t<h2 class=\"rtsb-faq-title rtsb-tag\">\n\t\t\t\t\t\t\t\t\tContactez-nous\t\t\t\t\t\t\t\t\t<\/h2>\n\t\t\t\t\t\t\t\t \n\t\t\t\t\t\t\t\t\t\t\t\t\t\t\t\t\t<div class=\"rtsb-faq-desc\">\n\t\t\t\t\t\t\t\t\t\t<p>Si vous avez des questions ou des pr\u00e9occupations concernant notre politique de confidentialit\u00e9, veuillez nous contacter \u00e0 :<\/p><p><br \/>Adresse e-mail <strong>contact@maisonhavilah.ca<\/strong><br \/>Site Web : <a><strong>www.maisonhavilah.ca<\/strong><\/a><\/p>\t\t\t\t\t\t\t\t\t<\/div>\n\t\t\t\t\t\t\t\t\t\t\t\t\t\t\t<\/div>\n\t\t\t\t\t\t<\/div>\n\t\t\t\t\t<\/div>\n\t\t\t\t<\/div>\n\t\t\t\t\t<\/div>\n<\/div>\n<\/div><!-- .rtsb-col-grid --><\/div><!-- .rtsb-row --><\/div><!-- .rtsb-container -->\t\t\t\t<\/div>\n\t\t\t\t<\/div>\n\t\t\t\t<\/div>\n\t\t\t\t\t<\/div>\n\t\t\t\t<\/div>\n\t\t<div class=\"elementor-element elementor-element-2f1be4e e-flex e-con-boxed e-con e-parent\" data-id=\"2f1be4e\" data-element_type=\"container\" data-e-type=\"container\" data-settings=\"{&quot;background_background&quot;:&quot;classic&quot;}\">\n\t\t\t\t\t<div class=\"e-con-inner\">\n\t\t<div class=\"elementor-element elementor-element-98d7d19 e-con-full e-flex e-con e-child\" data-id=\"98d7d19\" data-element_type=\"container\" data-e-type=\"container\">\n\t\t\t\t<div class=\"elementor-element elementor-element-0cbc977 elementor-widget elementor-widget-heading\" data-id=\"0cbc977\" data-element_type=\"widget\" data-e-type=\"widget\" data-widget_type=\"heading.default\">\n\t\t\t\t<div class=\"elementor-widget-container\">\n\t\t\t\t\t<h6 class=\"elementor-heading-title elementor-size-default\">Explorez<\/h6>\t\t\t\t<\/div>\n\t\t\t\t<\/div>\n\t\t\t\t<div class=\"elementor-element elementor-element-2915af7 elementor-widget elementor-widget-image-box\" data-id=\"2915af7\" data-element_type=\"widget\" data-e-type=\"widget\" data-widget_type=\"image-box.default\">\n\t\t\t\t<div class=\"elementor-widget-container\">\n\t\t\t\t\t<div class=\"elementor-image-box-wrapper\"><div class=\"elementor-image-box-content\"><h2 class=\"elementor-image-box-title\">Rehaussez votre garde-robe, adoptez un style intemporel !<\/h2><p class=\"elementor-image-box-description\">Explorez nos collections d\u00e8s aujourd'hui et d\u00e9couvrez les joies de la mode. Magasinez d\u00e8s maintenant pour d\u00e9couvrir l'incarnation de la sophistication chic !<\/p><\/div><\/div>\t\t\t\t<\/div>\n\t\t\t\t<\/div>\n\t\t\t\t<div class=\"elementor-element elementor-element-d75bf1e elementor-widget elementor-widget-button\" data-id=\"d75bf1e\" data-element_type=\"widget\" data-e-type=\"widget\" data-widget_type=\"button.default\">\n\t\t\t\t<div class=\"elementor-widget-container\">\n\t\t\t\t\t\t\t\t\t<div class=\"elementor-button-wrapper\">\n\t\t\t\t\t<a class=\"elementor-button elementor-button-link elementor-size-sm\" href=\"https:\/\/maisonhavilah.ca\/fr\/shop\/\">\n\t\t\t\t\t\t<span class=\"elementor-button-content-wrapper\">\n\t\t\t\t\t\t\t\t\t<span class=\"elementor-button-text\">Boutique<\/span>\n\t\t\t\t\t<\/span>\n\t\t\t\t\t<\/a>\n\t\t\t\t<\/div>\n\t\t\t\t\t\t\t\t<\/div>\n\t\t\t\t<\/div>\n\t\t\t\t<\/div>\n\t\t\t\t\t<\/div>\n\t\t\t\t<\/div>\n\t\t<div class=\"elementor-element elementor-element-c032c69 e-flex e-con-boxed e-con e-parent\" data-id=\"c032c69\" data-element_type=\"container\" data-e-type=\"container\">\n\t\t\t\t\t<div class=\"e-con-inner\">\n\t\t\t\t\t<\/div>\n\t\t\t\t<\/div>\n\t\t\t\t<\/div>","protected":false},"excerpt":{"rendered":"<p>Privacy Policy Maison Havilah is committed to protecting your personal information. Our Policy At Maison Havilah, we are committed to [&hellip;]<\/p>\n","protected":false},"author":1,"featured_media":0,"parent":0,"menu_order":3,"comment_status":"closed","ping_status":"closed","template":"","meta":{"site-sidebar-layout":"no-sidebar","site-content-layout":"","ast-site-content-layout":"full-width-container","site-content-style":"default","site-sidebar-style":"default","ast-global-header-display":"","ast-banner-title-visibility":"","ast-main-header-display":"","ast-hfb-above-header-display":"","ast-hfb-below-header-display":"","ast-hfb-mobile-header-display":"","site-post-title":"disabled","ast-breadcrumbs-content":"","ast-featured-img":"disabled","footer-sml-layout":"","ast-disable-related-posts":"","theme-transparent-header-meta":"enabled","adv-header-id-meta":"","stick-header-meta":"","header-above-stick-meta":"","header-main-stick-meta":"","header-below-stick-meta":"","astra-migrate-meta-layouts":"default","ast-page-background-enabled":"default","ast-page-background-meta":{"desktop":{"background-color":"var(--ast-global-color-4)","background-image":"","background-repeat":"repeat","background-position":"center center","background-size":"auto","background-attachment":"scroll","background-type":"","background-media":"","overlay-type":"","overlay-color":"","overlay-opacity":"","overlay-gradient":""},"tablet":{"background-color":"","background-image":"","background-repeat":"repeat","background-position":"center center","background-size":"auto","background-attachment":"scroll","background-type":"","background-media":"","overlay-type":"","overlay-color":"","overlay-opacity":"","overlay-gradient":""},"mobile":{"background-color":"","background-image":"","background-repeat":"repeat","background-position":"center center","background-size":"auto","background-attachment":"scroll","background-type":"","background-media":"","overlay-type":"","overlay-color":"","overlay-opacity":"","overlay-gradient":""}},"ast-content-background-meta":{"desktop":{"background-color":"var(--ast-global-color-5)","background-image":"","background-repeat":"repeat","background-position":"center center","background-size":"auto","background-attachment":"scroll","background-type":"","background-media":"","overlay-type":"","overlay-color":"","overlay-opacity":"","overlay-gradient":""},"tablet":{"background-color":"var(--ast-global-color-5)","background-image":"","background-repeat":"repeat","background-position":"center center","background-size":"auto","background-attachment":"scroll","background-type":"","background-media":"","overlay-type":"","overlay-color":"","overlay-opacity":"","overlay-gradient":""},"mobile":{"background-color":"var(--ast-global-color-5)","background-image":"","background-repeat":"repeat","background-position":"center center","background-size":"auto","background-attachment":"scroll","background-type":"","background-media":"","overlay-type":"","overlay-color":"","overlay-opacity":"","overlay-gradient":""}},"footnotes":""},"class_list":["post-16359","page","type-page","status-publish","hentry"],"_links":{"self":[{"href":"https:\/\/maisonhavilah.ca\/fr\/wp-json\/wp\/v2\/pages\/16359","targetHints":{"allow":["GET"]}}],"collection":[{"href":"https:\/\/maisonhavilah.ca\/fr\/wp-json\/wp\/v2\/pages"}],"about":[{"href":"https:\/\/maisonhavilah.ca\/fr\/wp-json\/wp\/v2\/types\/page"}],"author":[{"embeddable":true,"href":"https:\/\/maisonhavilah.ca\/fr\/wp-json\/wp\/v2\/users\/1"}],"replies":[{"embeddable":true,"href":"https:\/\/maisonhavilah.ca\/fr\/wp-json\/wp\/v2\/comments?post=16359"}],"version-history":[{"count":13,"href":"https:\/\/maisonhavilah.ca\/fr\/wp-json\/wp\/v2\/pages\/16359\/revisions"}],"predecessor-version":[{"id":16623,"href":"https:\/\/maisonhavilah.ca\/fr\/wp-json\/wp\/v2\/pages\/16359\/revisions\/16623"}],"wp:attachment":[{"href":"https:\/\/maisonhavilah.ca\/fr\/wp-json\/wp\/v2\/media?parent=16359"}],"curies":[{"name":"wp","href":"https:\/\/api.w.org\/{rel}","templated":true}]}}