{"id":15,"date":"2025-12-18T08:01:12","date_gmt":"2025-12-18T13:01:12","guid":{"rendered":"https:\/\/maisonhavilah.ca\/about-us\/"},"modified":"2025-12-21T13:13:28","modified_gmt":"2025-12-21T18:13:28","slug":"about-us","status":"publish","type":"page","link":"https:\/\/maisonhavilah.ca\/fr\/about-us\/","title":{"rendered":"\u00c0 propos de nous"},"content":{"rendered":"<div data-elementor-type=\"wp-page\" data-elementor-id=\"15\" class=\"elementor elementor-15\" data-elementor-post-type=\"page\">\n\t\t\t\t<div class=\"elementor-element elementor-element-576916f e-flex e-con-boxed e-con e-parent\" data-id=\"576916f\" data-element_type=\"container\" data-e-type=\"container\" data-settings=\"{&quot;background_background&quot;:&quot;classic&quot;}\">\n\t\t\t\t\t<div class=\"e-con-inner\">\n\t\t<div class=\"elementor-element elementor-element-9dbd73e e-con-full e-flex e-con e-child\" data-id=\"9dbd73e\" data-element_type=\"container\" data-e-type=\"container\">\n\t\t\t\t<div class=\"elementor-element elementor-element-b4ad8cf elementor-widget elementor-widget-heading\" data-id=\"b4ad8cf\" data-element_type=\"widget\" data-e-type=\"widget\" data-widget_type=\"heading.default\">\n\t\t\t\t<div class=\"elementor-widget-container\">\n\t\t\t\t\t<h1 class=\"elementor-heading-title elementor-size-default\">\u00c0 propos de nous<\/h1>\t\t\t\t<\/div>\n\t\t\t\t<\/div>\n\t\t\t\t<\/div>\n\t\t\t\t\t<\/div>\n\t\t\t\t<\/div>\n\t\t<div class=\"elementor-element elementor-element-5898f86 e-flex e-con-boxed e-con e-parent\" data-id=\"5898f86\" data-element_type=\"container\" data-e-type=\"container\">\n\t\t\t\t\t<div class=\"e-con-inner\">\n\t\t<div class=\"elementor-element elementor-element-a471c7a e-con-full e-flex e-con e-child\" data-id=\"a471c7a\" data-element_type=\"container\" data-e-type=\"container\">\n\t\t\t\t<div class=\"elementor-element elementor-element-602b490 elementor-widget elementor-widget-heading\" data-id=\"602b490\" data-element_type=\"widget\" data-e-type=\"widget\" data-widget_type=\"heading.default\">\n\t\t\t\t<div class=\"elementor-widget-container\">\n\t\t\t\t\t<h2 class=\"elementor-heading-title elementor-size-default\">Maison Havilah : H\u00e9ritage et \u00e9l\u00e9gance moderne r\u00e9unis<\/h2>\t\t\t\t<\/div>\n\t\t\t\t<\/div>\n\t\t\t\t<\/div>\n\t\t<div class=\"elementor-element elementor-element-3f51f8d e-con-full e-flex e-con e-child\" data-id=\"3f51f8d\" data-element_type=\"container\" data-e-type=\"container\">\n\t\t\t\t<div class=\"elementor-element elementor-element-310a9d8 elementor-widget elementor-widget-heading\" data-id=\"310a9d8\" data-element_type=\"widget\" data-e-type=\"widget\" data-widget_type=\"heading.default\">\n\t\t\t\t<div class=\"elementor-widget-container\">\n\t\t\t\t\t<h6 class=\"elementor-heading-title elementor-size-default\">Notre Histoire<\/h6>\t\t\t\t<\/div>\n\t\t\t\t<\/div>\n\t\t\t\t<div class=\"elementor-element elementor-element-44bc7b6 elementor-widget elementor-widget-hfe-infocard\" data-id=\"44bc7b6\" data-element_type=\"widget\" data-e-type=\"widget\" data-widget_type=\"hfe-infocard.default\">\n\t\t\t\t<div class=\"elementor-widget-container\">\n\t\t\t\t\t\n\t\t<div class=\"hfe-infocard\">\n\t\t\t\t\t\t\t\t\t<div class=\"hfe-infocard-title-wrap\">\n\t\t\t\t<h5 class=\"hfe-infocard-title elementor-inline-editing\" data-elementor-setting-key=\"infocard_title\" data-elementor-inline-editing-toolbar=\"basic\" >Notre aventure a commenc\u00e9 avec une vision simple mais puissante. Red\u00e9finir le kaftan comme pi\u00e8ce ma\u00eetresse de la garde-robe de l\u2019homme moderne, gr\u00e2ce \u00e0 un savoir-faire artisanal et une attention m\u00e9ticuleuse aux d\u00e9tails.<\/h5>\t\t\t<\/div>\n\t\t\t\t\t\t<div class=\"hfe-infocard-text-wrap\">\n\t\t\t\t<div class=\"hfe-infocard-text elementor-inline-editing\" data-elementor-setting-key=\"infocard_description\" data-elementor-inline-editing-toolbar=\"advanced\">\n\t\t\t\t\tChez Maison Havilah, nous croyons que chaque homme m\u00e9rite d\u2019exprimer son style unique et authentique. Nous cr\u00e9ons des kaftans qui inspirent confiance et \u00e9l\u00e9gance tout en c\u00e9l\u00e9brant la personnalit\u00e9 de chacun. Nos pi\u00e8ces allient tradition et modernit\u00e9, offrant un \u00e9quilibre subtil entre confort et raffinement.\t\t\t\t<\/div>\n\t\t\t\t\t\t\t<\/div>\n\t\t<\/div>\n\n\t\t\t\t\t\t<\/div>\n\t\t\t\t<\/div>\n\t\t\t\t<\/div>\n\t\t<div class=\"elementor-element elementor-element-e92d08f e-con-full e-flex e-con e-child\" data-id=\"e92d08f\" data-element_type=\"container\" data-e-type=\"container\">\n\t\t\t\t<div class=\"elementor-element elementor-element-db4cc49 elementor-widget elementor-widget-heading\" data-id=\"db4cc49\" data-element_type=\"widget\" data-e-type=\"widget\" data-widget_type=\"heading.default\">\n\t\t\t\t<div class=\"elementor-widget-container\">\n\t\t\t\t\t<h6 class=\"elementor-heading-title elementor-size-default\">Assurance Qualit\u00e9<\/h6>\t\t\t\t<\/div>\n\t\t\t\t<\/div>\n\t\t\t\t<div class=\"elementor-element elementor-element-fcc7a1f elementor-widget elementor-widget-image-box\" data-id=\"fcc7a1f\" data-element_type=\"widget\" data-e-type=\"widget\" data-widget_type=\"image-box.default\">\n\t\t\t\t<div class=\"elementor-widget-container\">\n\t\t\t\t\t<div class=\"elementor-image-box-wrapper\"><div class=\"elementor-image-box-content\"><h2 class=\"elementor-image-box-title\">Nous comprenons que la mode est une expression de l\u2019identit\u00e9, et nous sommes fiers de proposer des produits qui incarnent les plus hauts standards de qualit\u00e9.<\/h2><p class=\"elementor-image-box-description\">Notre qu\u00eate d\u2019excellence commence par une s\u00e9lection rigoureuse des mati\u00e8res, choisies selon nos crit\u00e8res stricts de durabilit\u00e9, confort et style. Chaque v\u00eatement est confectionn\u00e9 avec pr\u00e9cision dans nos ateliers ultramodernes, garantissant un soin minutieux \u00e0 chaque couture. Notre engagement qualit\u00e9 va au-del\u00e0 : des contr\u00f4les rigoureux assurent que chaque pi\u00e8ce r\u00e9pond \u00e0 nos normes exigeantes avant de rejoindre votre garde-robe. Faites confiance \u00e0 Maison Havilah pour une mode qui attire le regard et traverse le temps.<\/p><\/div><\/div>\t\t\t\t<\/div>\n\t\t\t\t<\/div>\n\t\t\t\t<\/div>\n\t\t\t\t\t<\/div>\n\t\t\t\t<\/div>\n\t\t<div class=\"elementor-element elementor-element-bdafa3c e-flex e-con-boxed e-con e-parent\" data-id=\"bdafa3c\" data-element_type=\"container\" data-e-type=\"container\" data-settings=\"{&quot;background_background&quot;:&quot;classic&quot;}\">\n\t\t\t\t\t<div class=\"e-con-inner\">\n\t\t<div class=\"elementor-element elementor-element-f643276 e-con-full e-flex e-con e-child\" data-id=\"f643276\" data-element_type=\"container\" data-e-type=\"container\">\n\t\t\t\t<div class=\"elementor-element elementor-element-3f174b6 elementor-widget elementor-widget-heading\" data-id=\"3f174b6\" data-element_type=\"widget\" data-e-type=\"widget\" data-widget_type=\"heading.default\">\n\t\t\t\t<div class=\"elementor-widget-container\">\n\t\t\t\t\t<h6 class=\"elementor-heading-title elementor-size-default\">Approche centr\u00e9e sur le client<\/h6>\t\t\t\t<\/div>\n\t\t\t\t<\/div>\n\t\t\t\t<div class=\"elementor-element elementor-element-1cf2f8a elementor-widget elementor-widget-image-box\" data-id=\"1cf2f8a\" data-element_type=\"widget\" data-e-type=\"widget\" data-widget_type=\"image-box.default\">\n\t\t\t\t<div class=\"elementor-widget-container\">\n\t\t\t\t\t<div class=\"elementor-image-box-wrapper\"><div class=\"elementor-image-box-content\"><h2 class=\"elementor-image-box-title\">Bien plus que la mode : offrir une exp\u00e9rience pens\u00e9e pour le client<\/h2><p class=\"elementor-image-box-description\">Nous croyons que l\u2019essence de notre succ\u00e8s r\u00e9side dans la satisfaction de nos clients. Notre engagement \u00e0 offrir une exp\u00e9rience d\u2019achat exceptionnelle d\u00e9passe les tendances et les styles.  Il s\u2019agit de comprendre et de r\u00e9pondre aux besoins uniques de chaque personne qui choisit Maison Havilah. Des recommandations personnalis\u00e9es aux retours sans tracas, chaque aspect de notre service est pens\u00e9 pour vous. Notre \u00e9quipe d\u00e9di\u00e9e au service client est l\u00e0 pour garantir que votre parcours avec nous soit fluide, agr\u00e9able et d\u00e9passe vos attentes. Rejoignez notre communaut\u00e9 de passionn\u00e9s de mode engag\u00e9s, o\u00f9 votre satisfaction n\u2019est pas seulement une priorit\u00e9, c\u2019est notre passion.<\/p><\/div><\/div>\t\t\t\t<\/div>\n\t\t\t\t<\/div>\n\t\t\t\t<\/div>\n\t\t\t\t\t<\/div>\n\t\t\t\t<\/div>\n\t\t<div class=\"elementor-element elementor-element-0630b1e e-flex e-con-boxed e-con e-parent\" data-id=\"0630b1e\" data-element_type=\"container\" data-e-type=\"container\">\n\t\t\t\t\t<div class=\"e-con-inner\">\n\t\t<div class=\"elementor-element elementor-element-8f65fb9 e-con-full e-flex e-con e-child\" data-id=\"8f65fb9\" data-element_type=\"container\" data-e-type=\"container\">\n\t\t\t\t<div class=\"elementor-element elementor-element-1c16a3a elementor-widget elementor-widget-heading\" data-id=\"1c16a3a\" data-element_type=\"widget\" data-e-type=\"widget\" data-widget_type=\"heading.default\">\n\t\t\t\t<div class=\"elementor-widget-container\">\n\t\t\t\t\t<h6 class=\"elementor-heading-title elementor-size-default\">Nos valeurs fondamentales <\/h6>\t\t\t\t<\/div>\n\t\t\t\t<\/div>\n\t\t\t\t<div class=\"elementor-element elementor-element-005576a elementor-widget elementor-widget-heading\" data-id=\"005576a\" data-element_type=\"widget\" data-e-type=\"widget\" data-widget_type=\"heading.default\">\n\t\t\t\t<div class=\"elementor-widget-container\">\n\t\t\t\t\t<h2 class=\"elementor-heading-title elementor-size-default\">Nous servons avec C.A.R.E.<br><\/h2>\t\t\t\t<\/div>\n\t\t\t\t<\/div>\n\t\t\t\t<\/div>\n\t\t<div class=\"elementor-element elementor-element-85f2501 e-con-full e-flex e-con e-child\" data-id=\"85f2501\" data-element_type=\"container\" data-e-type=\"container\">\n\t\t\t\t<div class=\"elementor-element elementor-element-d9bb7eb elementor-widget elementor-widget-heading\" data-id=\"d9bb7eb\" data-element_type=\"widget\" data-e-type=\"widget\" data-widget_type=\"heading.default\">\n\t\t\t\t<div class=\"elementor-widget-container\">\n\t\t\t\t\t<h5 class=\"elementor-heading-title elementor-size-default\">Commitment. Authenticity. Reliability. Excellence...\nCes quatre piliers guident chacune de nos actions, de l\u2019hommage au patrimoine \u00e0 la r\u00e9alisation d\u2019un savoir-faire impeccable, avec constance et attention.<\/h5>\t\t\t\t<\/div>\n\t\t\t\t<\/div>\n\t\t\t\t<\/div>\n\t\t<div class=\"elementor-element elementor-element-eead996 e-con-full e-flex e-con e-child\" data-id=\"eead996\" data-element_type=\"container\" data-e-type=\"container\">\n\t\t\t\t<div class=\"elementor-element elementor-element-79fd198 elementor-widget elementor-widget-text-editor\" data-id=\"79fd198\" data-element_type=\"widget\" data-e-type=\"widget\" data-widget_type=\"text-editor.default\">\n\t\t\t\t<div class=\"elementor-widget-container\">\n\t\t\t\t\t\t\t\t\t<p>Commitment (Engagement)<\/p><p class=\"translation-block\">Nous offrons une qualit\u00e9 in\u00e9gal\u00e9e dans chaque\nkaftan, en garantissant durabilit\u00e9, \u00e9l\u00e9gance et\nraffinement.<\/p>\t\t\t\t\t\t\t\t<\/div>\n\t\t\t\t<\/div>\n\t\t\t\t<div class=\"elementor-element elementor-element-b9e3827 elementor-widget elementor-widget-text-editor\" data-id=\"b9e3827\" data-element_type=\"widget\" data-e-type=\"widget\" data-widget_type=\"text-editor.default\">\n\t\t\t\t<div class=\"elementor-widget-container\">\n\t\t\t\t\t\t\t\t\t<p>Authenticity (Authenticit\u00e9)<\/p><p>Nos cr\u00e9ations c\u00e9l\u00e8brent l'h\u00e9ritage culturel\ntout en l'inscrivant dans une esth\u00e9tique moderne\net intemporelle.<br \/>int\u00e9grant un style moderne.<\/p>\t\t\t\t\t\t\t\t<\/div>\n\t\t\t\t<\/div>\n\t\t\t\t<div class=\"elementor-element elementor-element-f0359b9 elementor-widget elementor-widget-text-editor\" data-id=\"f0359b9\" data-element_type=\"widget\" data-e-type=\"widget\" data-widget_type=\"text-editor.default\">\n\t\t\t\t<div class=\"elementor-widget-container\">\n\t\t\t\t\t\t\t\t\t<p>Reliability (Fiabilit\u00e9)<\/p><p class=\"translation-block\">Nous pla\u00e7ons nos clients au c\u0153ur de nos\npriorit\u00e9s, en offrant un service attentif, transparent et digne de confiance, du premier contact jusqu'\u00e0 la livraison finale.<\/p>\t\t\t\t\t\t\t\t<\/div>\n\t\t\t\t<\/div>\n\t\t\t\t<div class=\"elementor-element elementor-element-f93634f elementor-widget elementor-widget-text-editor\" data-id=\"f93634f\" data-element_type=\"widget\" data-e-type=\"widget\" data-widget_type=\"text-editor.default\">\n\t\t\t\t<div class=\"elementor-widget-container\">\n\t\t\t\t\t\t\t\t\t<p>Excellence<br \/>Chaque d\u00e9tail refl\u00e8te notre engagement envers<br \/>un savoir-faire et un design d\u2019exception.<\/p>\t\t\t\t\t\t\t\t<\/div>\n\t\t\t\t<\/div>\n\t\t\t\t<\/div>\n\t\t\t\t\t<\/div>\n\t\t\t\t<\/div>\n\t\t<div class=\"elementor-element elementor-element-2f1be4e e-flex e-con-boxed e-con e-parent\" data-id=\"2f1be4e\" data-element_type=\"container\" data-e-type=\"container\" data-settings=\"{&quot;background_background&quot;:&quot;classic&quot;}\">\n\t\t\t\t\t<div class=\"e-con-inner\">\n\t\t<div class=\"elementor-element elementor-element-98d7d19 e-con-full e-flex e-con e-child\" data-id=\"98d7d19\" data-element_type=\"container\" data-e-type=\"container\">\n\t\t\t\t<div class=\"elementor-element elementor-element-0cbc977 elementor-widget elementor-widget-heading\" data-id=\"0cbc977\" data-element_type=\"widget\" data-e-type=\"widget\" data-widget_type=\"heading.default\">\n\t\t\t\t<div class=\"elementor-widget-container\">\n\t\t\t\t\t<h6 class=\"elementor-heading-title elementor-size-default\">Explorez<\/h6>\t\t\t\t<\/div>\n\t\t\t\t<\/div>\n\t\t\t\t<div class=\"elementor-element elementor-element-2915af7 elementor-widget elementor-widget-image-box\" data-id=\"2915af7\" data-element_type=\"widget\" data-e-type=\"widget\" data-widget_type=\"image-box.default\">\n\t\t\t\t<div class=\"elementor-widget-container\">\n\t\t\t\t\t<div class=\"elementor-image-box-wrapper\"><div class=\"elementor-image-box-content\"><h2 class=\"elementor-image-box-title\">Rehaussez votre garde-robe, adoptez un style intemporel !<\/h2><p class=\"elementor-image-box-description\">Explorez nos collections d\u00e8s aujourd'hui et d\u00e9couvrez les joies de la mode. Magasinez d\u00e8s maintenant pour d\u00e9couvrir l'incarnation de la sophistication chic !<\/p><\/div><\/div>\t\t\t\t<\/div>\n\t\t\t\t<\/div>\n\t\t\t\t<div class=\"elementor-element elementor-element-d75bf1e elementor-widget elementor-widget-button\" data-id=\"d75bf1e\" data-element_type=\"widget\" data-e-type=\"widget\" data-widget_type=\"button.default\">\n\t\t\t\t<div class=\"elementor-widget-container\">\n\t\t\t\t\t\t\t\t\t<div class=\"elementor-button-wrapper\">\n\t\t\t\t\t<a class=\"elementor-button elementor-button-link elementor-size-sm\" href=\"https:\/\/maisonhavilah.ca\/fr\/shop\/\">\n\t\t\t\t\t\t<span class=\"elementor-button-content-wrapper\">\n\t\t\t\t\t\t\t\t\t<span class=\"elementor-button-text\">Boutique<\/span>\n\t\t\t\t\t<\/span>\n\t\t\t\t\t<\/a>\n\t\t\t\t<\/div>\n\t\t\t\t\t\t\t\t<\/div>\n\t\t\t\t<\/div>\n\t\t\t\t<\/div>\n\t\t\t\t\t<\/div>\n\t\t\t\t<\/div>\n\t\t\t\t<\/div>","protected":false},"excerpt":{"rendered":"<p>About Us Maison Havilah: Where Heritage Meets Modern Elegance Our story Our journey began with a simple yet powerful vision [&hellip;]<\/p>\n","protected":false},"author":1,"featured_media":0,"parent":0,"menu_order":3,"comment_status":"closed","ping_status":"closed","template":"","meta":{"site-sidebar-layout":"no-sidebar","site-content-layout":"","ast-site-content-layout":"full-width-container","site-content-style":"default","site-sidebar-style":"default","ast-global-header-display":"","ast-banner-title-visibility":"","ast-main-header-display":"","ast-hfb-above-header-display":"","ast-hfb-below-header-display":"","ast-hfb-mobile-header-display":"","site-post-title":"disabled","ast-breadcrumbs-content":"","ast-featured-img":"disabled","footer-sml-layout":"","ast-disable-related-posts":"","theme-transparent-header-meta":"enabled","adv-header-id-meta":"","stick-header-meta":"","header-above-stick-meta":"","header-main-stick-meta":"","header-below-stick-meta":"","astra-migrate-meta-layouts":"default","ast-page-background-enabled":"default","ast-page-background-meta":{"desktop":{"background-color":"var(--ast-global-color-4)","background-image":"","background-repeat":"repeat","background-position":"center center","background-size":"auto","background-attachment":"scroll","background-type":"","background-media":"","overlay-type":"","overlay-color":"","overlay-opacity":"","overlay-gradient":""},"tablet":{"background-color":"","background-image":"","background-repeat":"repeat","background-position":"center center","background-size":"auto","background-attachment":"scroll","background-type":"","background-media":"","overlay-type":"","overlay-color":"","overlay-opacity":"","overlay-gradient":""},"mobile":{"background-color":"","background-image":"","background-repeat":"repeat","background-position":"center center","background-size":"auto","background-attachment":"scroll","background-type":"","background-media":"","overlay-type":"","overlay-color":"","overlay-opacity":"","overlay-gradient":""}},"ast-content-background-meta":{"desktop":{"background-color":"var(--ast-global-color-5)","background-image":"","background-repeat":"repeat","background-position":"center center","background-size":"auto","background-attachment":"scroll","background-type":"","background-media":"","overlay-type":"","overlay-color":"","overlay-opacity":"","overlay-gradient":""},"tablet":{"background-color":"var(--ast-global-color-5)","background-image":"","background-repeat":"repeat","background-position":"center center","background-size":"auto","background-attachment":"scroll","background-type":"","background-media":"","overlay-type":"","overlay-color":"","overlay-opacity":"","overlay-gradient":""},"mobile":{"background-color":"var(--ast-global-color-5)","background-image":"","background-repeat":"repeat","background-position":"center center","background-size":"auto","background-attachment":"scroll","background-type":"","background-media":"","overlay-type":"","overlay-color":"","overlay-opacity":"","overlay-gradient":""}},"footnotes":""},"class_list":["post-15","page","type-page","status-publish","hentry"],"_links":{"self":[{"href":"https:\/\/maisonhavilah.ca\/fr\/wp-json\/wp\/v2\/pages\/15","targetHints":{"allow":["GET"]}}],"collection":[{"href":"https:\/\/maisonhavilah.ca\/fr\/wp-json\/wp\/v2\/pages"}],"about":[{"href":"https:\/\/maisonhavilah.ca\/fr\/wp-json\/wp\/v2\/types\/page"}],"author":[{"embeddable":true,"href":"https:\/\/maisonhavilah.ca\/fr\/wp-json\/wp\/v2\/users\/1"}],"replies":[{"embeddable":true,"href":"https:\/\/maisonhavilah.ca\/fr\/wp-json\/wp\/v2\/comments?post=15"}],"version-history":[{"count":12,"href":"https:\/\/maisonhavilah.ca\/fr\/wp-json\/wp\/v2\/pages\/15\/revisions"}],"predecessor-version":[{"id":16591,"href":"https:\/\/maisonhavilah.ca\/fr\/wp-json\/wp\/v2\/pages\/15\/revisions\/16591"}],"wp:attachment":[{"href":"https:\/\/maisonhavilah.ca\/fr\/wp-json\/wp\/v2\/media?parent=15"}],"curies":[{"name":"wp","href":"https:\/\/api.w.org\/{rel}","templated":true}]}}